{"id":49144,"date":"2017-11-21T11:02:22","date_gmt":"2017-11-21T10:02:22","guid":{"rendered":"https:\/\/handy-games.com\/49141-2\/"},"modified":"2022-03-29T09:05:38","modified_gmt":"2022-03-29T08:05:38","slug":"datenschutz","status":"publish","type":"page","link":"https:\/\/handy-games.com\/de\/datenschutz\/","title":{"rendered":"Datenschutz"},"content":{"rendered":"[vc_row type=&#8220;full_width_background&#8220; full_screen_row_position=&#8220;middle&#8220; column_margin=&#8220;default&#8220; column_direction=&#8220;default&#8220; column_direction_tablet=&#8220;default&#8220; column_direction_phone=&#8220;default&#8220; bg_color=&#8220;#ffffff&#8220; scene_position=&#8220;center&#8220; text_color=&#8220;dark&#8220; text_align=&#8220;left&#8220; row_border_radius=&#8220;none&#8220; row_border_radius_applies=&#8220;bg&#8220; overlay_strength=&#8220;0.3&#8243; gradient_direction=&#8220;left_to_right&#8220; shape_divider_position=&#8220;bottom&#8220; bg_image_animation=&#8220;none&#8220; shape_type=&#8220;&#8220;][vc_column column_padding=&#8220;no-extra-padding&#8220; column_padding_tablet=&#8220;inherit&#8220; column_padding_phone=&#8220;inherit&#8220; column_padding_position=&#8220;all&#8220; background_color_opacity=&#8220;1&#8243; background_hover_color_opacity=&#8220;1&#8243; column_shadow=&#8220;none&#8220; column_border_radius=&#8220;none&#8220; column_link_target=&#8220;_self&#8220; gradient_direction=&#8220;left_to_right&#8220; overlay_strength=&#8220;0.3&#8243; width=&#8220;1\/1&#8243; tablet_width_inherit=&#8220;default&#8220; tablet_text_alignment=&#8220;default&#8220; phone_text_alignment=&#8220;default&#8220; column_border_width=&#8220;none&#8220; column_border_style=&#8220;solid&#8220; bg_image_animation=&#8220;none&#8220;][divider line_type=&#8220;No Line&#8220; custom_height=&#8220;30&#8243;][vc_column_text]\n<h1><span style=\"color: #6f93b5;\"><strong>Datenschutzerkl\u00e4rung von HandyGames<\/strong><\/span><\/h1>\n<h2>(www.handy-games.com GmbH und HandyGames Studios GmbH)<\/h2>\n[\/vc_column_text][divider line_type=&#8220;No Line&#8220; custom_height=&#8220;40&#8243;][vc_column_text]Wir f\u00fchren unsere Webseiten nach den im Folgenden geregelten Grunds\u00e4tzen:<\/p>\n<p>Wir verpflichten uns, die gesetzlichen Bestimmungen zum Datenschutz einzuhalten und bem\u00fchen uns, stets die Grunds\u00e4tze der Datenvermeidung und der Datensparsamkeit zu ber\u00fccksichtigen.<\/p>\n<h4><span style=\"text-transform: uppercase;\"><strong>1. Begriffserkl\u00e4rungen<\/strong><\/span><\/h4>\n<p>\u201ePersonenbezogene\u201c Daten liegen dann vor, wenn diese Einzelangaben \u00fcber pers\u00f6nliche oder sachliche Verh\u00e4ltnisse einer bestimmten oder bestimmbaren Person enthalten, hierunter fallen insbesondere Name und Adresse sowie Mitgliedsname, Kennwort und IP-Adresse.<\/p>\n<ul>\n<li>Unter der \u201eErhebung\u201c von Daten versteht man das Beschaffen von Daten.<\/li>\n<li>\u201eVerarbeiten\u201c meint das Speichern, Ver\u00e4ndern, \u00dcbermitteln, Sperren und L\u00f6schen von Daten.<\/li>\n<li>Unter dem Begriff \u201eNutzung\u201c versteht man jede weitere Verwendung, die nicht unter Verarbeitung f\u00e4llt.<\/li>\n<\/ul>\n<h4><span style=\"text-transform: uppercase;\"><strong>2. Erhebung und Verarbeitung von Daten<\/strong><\/span><\/h4>\n<p>a) Kontaktformular<br \/>\nWenn Sie uns per Kontaktformular Anfragen zukommen lassen, werden Ihre Angaben aus dem Anfrageformular inklusive der von Ihnen dort angegebenen Kontaktdaten zwecks Bearbeitung der Anfrage und f\u00fcr den Fall von Anschlussfragen bei uns gespeichert. Die Anfragen sowie die damit einhergehenden Daten werden sp\u00e4testens 3 Monate nach Erhalt gel\u00f6scht. Diese Daten geben wir nicht ohne Ihre Einwilligung weiter.<\/p>\n<p>b) Cookies<br \/>\nAuf dieser Website werden Daten zu Marketing- und Optimierungszwecken gesammelt und gespeichert. Aus diesen Daten werden unter einem Pseudonym Nutzungsprofile erstellt. Hierzu k\u00f6nnen Cookies eingesetzt werden. Bei Cookies handelt es sich um kleine Textdateien, die lokal im Zwischenspeicher des Internet-Browsers des Seitenbesuchers gespeichert werden. Die Cookies erm\u00f6glichen die Wiedererkennung des Internetbrowsers. Die auf diese Weise erhobenen Daten werden ohne die gesondert erteilte Zustimmung des Betroffenen nicht dazu benutzt, den Besucher dieser Website pers\u00f6nlich zu identifizieren und nicht mit personenbezogenen Daten \u00fcber den Tr\u00e4ger des Pseudonyms zusammengef\u00fchrt. Der Datenerhebung und -speicherung kann jederzeit mit Wirkung f\u00fcr die Zukunft gegen\u00fcber uns (<a href=\"mailto:info@handy-games.com\">info@handy-games.com<\/a>) widersprochen werden.<\/p>\n<p>c) Google Analytics<br \/>\nDiese Website benutzt Google Analytics, einen Webanalysedienst der Google Inc. (\u201eGoogle\u201c). Google Analytics verwendet sog. \u201eCookies\u201c, Textdateien, die auf Ihrem Computer gespeichert werden und die eine Analyse der Benutzung der Website durch Sie erm\u00f6glichen. Die durch den Cookie erzeugten Informationen \u00fcber Ihre Benutzung dieser Website werden in der Regel an einen Server von Google in den USA \u00fcbertragen und dort gespeichert. Da wir die IP-Anonymisierung auf dieser Webseite aktiviert haben, wird Ihre IP-Adresse von Google jedoch innerhalb von Mitgliedstaaten der Europ\u00e4ischen Union oder in anderen Vertragsstaaten des Abkommens \u00fcber den Europ\u00e4ischen Wirtschaftsraum zuvor gek\u00fcrzt. Nur in Ausnahmef\u00e4llen wird die volle IP-Adresse an einen Server von Google in den USA \u00fcbertragen und dort gek\u00fcrzt. In unserem Auftrag wird Google diese Informationen benutzen, um Ihre Nutzung der Website auszuwerten, um Reports \u00fcber die Websiteaktivit\u00e4ten zusammenzustellen und um weitere mit der Websitenutzung und der Internetnutzung verbundene Dienstleistungen uns gegen\u00fcber zu erbringen. Die im Rahmen von Google Analytics von Ihrem Browser \u00fcbermittelte IP-Adresse wird nicht mit anderen Daten von Google zusammengef\u00fchrt. Sie k\u00f6nnen die Speicherung der Cookies durch eine entsprechende Einstellung Ihrer Browser-Software verhindern; wir weisen Sie jedoch darauf hin, dass Sie in diesem Fall gegebenenfalls nicht s\u00e4mtliche Funktionen dieser Website vollumf\u00e4nglich werden nutzen k\u00f6nnen. Sie k\u00f6nnen dar\u00fcber hinaus die Erfassung der durch das Cookie erzeugten und auf Ihre Nutzung der Website bezogenen Daten (inkl. Ihrer IP-Adresse) an Google sowie die Verarbeitung dieser Daten durch Google verhindern, indem Sie das unter dem folgenden Link verf\u00fcgbare Browser-Plugin herunterladen und installieren <a href=\"http:\/\/tools.google.com\/dlpage\/gaoptout?hl=de\">http:\/\/tools.google.com\/dlpage\/gaoptout?hl=de<\/a><\/p>\n<p>Sie k\u00f6nnen die Erfassung Ihrer Daten durch Google Analytics verhindern, indem Sie auf folgenden Link klicken. Es wird ein Opt-Out-Cookie gesetzt, dass das Erfassung Ihrer Daten bei zuk\u00fcnftigen Besuchen dieser Website verhindert:[\/vc_column_text][vc_raw_js]JTNDYSUyMGhyZWYlM0QlMjJqYXZhc2NyaXB0JTNBZ2FPcHRvdXQlMjglMjklMjIlM0VDbGljayUyMGhlcmUlMjB0byUyMG9wdC1vdXQlMjBvZiUyMEdvb2dsZSUyMEFuYWx5dGljcyUzQyUyRmElM0U=[\/vc_raw_js][vc_column_text]\n<h4><span style=\"text-transform: uppercase;\"><strong>3. YouTube<\/strong><\/span><\/h4>\n<p>Unsere Webseite nutzt das Plugin YouTube, welches von der YouTube, LLC, 901 Cherry Ave., San Bruno, CA 94066, USA betrieben wird.<br \/>\nWenn Sie w\u00e4hrend Ihres Besuches unserer Seite mit Ihrem YouTube-Account eingeloggt sind, wird eine Verbindung zu den Servern von YouTube hergestellt und dem Youtube-Server mitgeteilt, welche unserer Seiten Sie besucht haben. Dadurch kann YouTube Ihr Surfverhalten direct Ihrem pers\u00f6nlichen Profil zuordnen.<br \/>\nWenn Sie eine solche Daten\u00fcbertragung vermeiden wollen, dann sollten Sie sich vor dem Besuch unserer Seite aus Ihrem YouTube-Account ausloggen.<br \/>\nWeitere Informationen zum Umgang von Nutzerdaten finden Sie in der Datenschutzerkl\u00e4rung von YouTube unter: <a href=\"https:\/\/www.google.de\/intl\/de\/policies\/privacy\">https:\/\/www.google.de\/intl\/de\/policies\/privacy<\/a><\/p>\n<h4><span style=\"text-transform: uppercase;\"><strong>4. Nutzung und Weitergabe der personenbezogenen Daten<\/strong><\/span><\/h4>\n<p>a) Eigene Nutzung<br \/>\nPersonenbezogene Daten, die von Ihnen zur Verf\u00fcgung gestellt werden, werden zur Abwicklung Ihrer Kontaktanfragen und f\u00fcr die technische Administration genutzt.<\/p>\n<p>b) Weitergabe der personenbezogenen Daten<br \/>\nDie personenbezogenen Daten werden an Dritte nur weitergegeben oder sonst \u00fcbermittelt, wenn dies zum Zwecke Abwicklung der Kontaktanfragen erforderlich ist oder Sie zuvor eingewilligt haben.<\/p>\n<p>c) Weitergabe im \u00dcbrigen<br \/>\nEine Weitergabe der Daten erfolgt im \u00dcbrigen nur unter den gesetzlichen Bestimmungen des Datenschutzes oder nach Aufforderung durch Beh\u00f6rden, Gerichte und das Finanzamt oder bei einer Inanspruchnahme seitens eines Dritten auf Grund einer m\u00f6glichen Verletzung von Schutzrechten (Urheber-, Marken-, und sonstige Leistungsschutzrechte) durch einen Schutzrechtsinhaber.<\/p>\n<h4><span style=\"text-transform: uppercase;\"><strong>5. SSL-Verschl\u00fcsselung<\/strong><\/span><\/h4>\n<p>Diese Seite nutzt aus Gr\u00fcnden der Sicherheit und zum Schutz der \u00dcbertragung vertraulicher Inhalte, wie zum Beispiel der Anfragen, die Sie an uns als Seitenbetreiber senden, eine SSL-Verschl\u00fcsselung. Eine verschl\u00fcsselte Verbindung erkennen Sie daran, dass die Adresszeile des Browsers von &#8222;http:\/\/&#8220; auf &#8222;https:\/\/&#8220; wechselt und an dem Schloss-Symbol in Ihrer Browserzeile.<\/p>\n<p>Wenn die SSL Verschl\u00fcsselung aktiviert ist, k\u00f6nnen die Daten, die Sie an uns \u00fcbermitteln, nicht von Dritten mitgelesen werden.<\/p>\n<h4><span style=\"text-transform: uppercase;\"><strong> 6. L\u00f6schung der gespeicherten Daten, Auskunft, Sperre und Widerruf, Ansprechpartner<\/strong><\/span><\/h4>\n<p>Wir speichern alle personenbezogenen Daten, die Sie uns \u00fcbermitteln, nur so lange, wie sie ben\u00f6tigt werden, um die Zwecke zu erf\u00fcllen, zu denen diese Daten \u00fcbermittelt wurden, oder solange dies von Gesetzes wegen vorgeschrieben ist.<\/p>\n<p>a) L\u00f6schung, Sperrung nach Beendigung der Nutzung<br \/>\nMit Beendigung der sonstigen Nutzung werden Ihre personenbezogenen Daten unmittelbar gel\u00f6scht. An die Stelle der L\u00f6schung tritt eine Sperrung, wenn dieser eine gesetzliche, satzungsm\u00e4\u00dfige oder vertragliche Aufbewahrungsfristen entgegensteht.<\/p>\n<p>b) Widerruf der Einwilligung<br \/>\nSie k\u00f6nnen Ihre erteilte Einwilligung zur Erhebung und Verarbeitung der personenbezogenen Daten jederzeit mit Wirkung f\u00fcr die Zukunft widerrufen. Hierzu gen\u00fcgt bereits die \u00dcbersendung einer Email an <a href=\"mailto:info@handy-games.com\">info@handy-games.com<\/a>. Bitte beachten Sie in diesem Zusammenhang die Hinweise zur L\u00f6schung gem\u00e4\u00df Nr. 6 a).<\/p>\n<p>c) Recht auf Auskunft, Berichtigung, Sperrung oder L\u00f6schung<br \/>\nNach dem Bundesdatenschutzgesetz haben Sie ein Recht auf unentgeltliche Auskunft \u00fcber die zu seiner Person gespeicherten Daten sowie ggf. ein Recht auf Berichtigung, Sperrung oder L\u00f6schung dieser Daten.<\/p>\n<p>d) Ansprechpartner<br \/>\nBei Fragen zur Erhebung, Verarbeitung oder Nutzung der personenbezogenen Daten sowie f\u00fcr Ausk\u00fcnfte, Berichtigung, Sperrung oder L\u00f6schung von Daten ist Ansprechpartner<\/p>\n<p>Markus Kassulke<br \/>\n<a href=\"http:\/\/www.Handy-Games.com\">www.Handy-Games.com<\/a> GmbH \/ HandyGames Studios GmbH<\/p>\n<p>i_Park Klingholz 13<br \/>\n97232 Giebelstadt<br \/>\nTelefon: +49 (0) 9334 9757 \u2013 0<br \/>\nFax: +49 (0) 9334 9757 \u2013 19<br \/>\nE-Mail: <a href=\"mailto:info@handy-games.com\">info@handy-games.com<\/a><\/p>\n<h4><span style=\"text-transform: uppercase;\"><strong>7. \u00c4nderung der Datenschutzerkl\u00e4rung<\/strong><\/span><\/h4>\n<p>Sollten wir die Datenschutzerkl\u00e4rung \u00e4ndern, dann wird dies auf der Homepage kenntlich gemacht.<\/p>\n<p>Stand, 10.11.2017<a href=\"#_ftnref1\" name=\"_ftn1\"><\/a>[\/vc_column_text][divider line_type=&#8220;No Line&#8220; custom_height=&#8220;100&#8243;][\/vc_column][\/vc_row]\n","protected":false},"excerpt":{"rendered":"<p>[vc_row type=&#8220;full_width_background&#8220; full_screen_row_position=&#8220;middle&#8220; column_margin=&#8220;default&#8220; column_direction=&#8220;default&#8220; column_direction_tablet=&#8220;default&#8220; column_direction_phone=&#8220;default&#8220; bg_color=&#8220;#ffffff&#8220; scene_position=&#8220;center&#8220; text_color=&#8220;dark&#8220; text_align=&#8220;left&#8220; row_border_radius=&#8220;none&#8220; row_border_radius_applies=&#8220;bg&#8220; overlay_strength=&#8220;0.3&#8243; gradient_direction=&#8220;left_to_right&#8220; shape_divider_position=&#8220;bottom&#8220; bg_image_animation=&#8220;none&#8220; shape_type=&#8220;&#8220;][vc_column column_padding=&#8220;no-extra-padding&#8220; column_padding_tablet=&#8220;inherit&#8220; column_padding_phone=&#8220;inherit&#8220; column_padding_position=&#8220;all&#8220; background_color_opacity=&#8220;1&#8243; background_hover_color_opacity=&#8220;1&#8243; column_shadow=&#8220;none&#8220; column_border_radius=&#8220;none&#8220; column_link_target=&#8220;_self&#8220; gradient_direction=&#8220;left_to_right&#8220; overlay_strength=&#8220;0.3&#8243; width=&#8220;1\/1&#8243; tablet_width_inherit=&#8220;default&#8220; tablet_text_alignment=&#8220;default&#8220; phone_text_alignment=&#8220;default&#8220; column_border_width=&#8220;none&#8220; column_border_style=&#8220;solid&#8220; bg_image_animation=&#8220;none&#8220;][divider line_type=&#8220;No Line&#8220; custom_height=&#8220;30&#8243;][vc_column_text] Datenschutzerkl\u00e4rung von HandyGames (www.handy-games.com GmbH und HandyGames Studios GmbH) [\/vc_column_text][divider line_type=&#8220;No&#8230;<\/p>\n","protected":false},"author":3,"featured_media":0,"parent":0,"menu_order":0,"comment_status":"closed","ping_status":"closed","template":"","meta":[],"yoast_head":"<!-- This site is optimized with the Yoast SEO plugin v21.7 - https:\/\/yoast.com\/wordpress\/plugins\/seo\/ -->\n<title>Datenschutz | HandyGames\u2122<\/title>\n<meta name=\"robots\" content=\"index, follow, max-snippet:-1, max-image-preview:large, max-video-preview:-1\" \/>\n<link rel=\"canonical\" href=\"https:\/\/handy-games.com\/de\/datenschutz\/\" \/>\n<meta property=\"og:locale\" content=\"de_DE\" \/>\n<meta property=\"og:type\" content=\"article\" \/>\n<meta property=\"og:title\" content=\"Datenschutz | HandyGames\u2122\" \/>\n<meta property=\"og:description\" content=\"[vc_row type=&#8220;full_width_background&#8220; full_screen_row_position=&#8220;middle&#8220; column_margin=&#8220;default&#8220; column_direction=&#8220;default&#8220; column_direction_tablet=&#8220;default&#8220; column_direction_phone=&#8220;default&#8220; bg_color=&#8220;#ffffff&#8220; scene_position=&#8220;center&#8220; text_color=&#8220;dark&#8220; text_align=&#8220;left&#8220; row_border_radius=&#8220;none&#8220; row_border_radius_applies=&#8220;bg&#8220; overlay_strength=&#8220;0.3&#8243; gradient_direction=&#8220;left_to_right&#8220; shape_divider_position=&#8220;bottom&#8220; bg_image_animation=&#8220;none&#8220; shape_type=&#8220;&#8220;][vc_column column_padding=&#8220;no-extra-padding&#8220; column_padding_tablet=&#8220;inherit&#8220; column_padding_phone=&#8220;inherit&#8220; column_padding_position=&#8220;all&#8220; background_color_opacity=&#8220;1&#8243; background_hover_color_opacity=&#8220;1&#8243; column_shadow=&#8220;none&#8220; column_border_radius=&#8220;none&#8220; column_link_target=&#8220;_self&#8220; gradient_direction=&#8220;left_to_right&#8220; overlay_strength=&#8220;0.3&#8243; width=&#8220;1\/1&#8243; tablet_width_inherit=&#8220;default&#8220; tablet_text_alignment=&#8220;default&#8220; phone_text_alignment=&#8220;default&#8220; column_border_width=&#8220;none&#8220; column_border_style=&#8220;solid&#8220; bg_image_animation=&#8220;none&#8220;][divider line_type=&#8220;No Line&#8220; custom_height=&#8220;30&#8243;][vc_column_text] Datenschutzerkl\u00e4rung von HandyGames (www.handy-games.com GmbH und HandyGames Studios GmbH) [\/vc_column_text][divider line_type=&#8220;No...\" \/>\n<meta property=\"og:url\" content=\"https:\/\/handy-games.com\/de\/datenschutz\/\" \/>\n<meta property=\"og:site_name\" content=\"HandyGames\u2122\" \/>\n<meta property=\"article:publisher\" content=\"https:\/\/www.facebook.com\/handygames\/\" \/>\n<meta property=\"article:modified_time\" content=\"2022-03-29T08:05:38+00:00\" \/>\n<meta name=\"twitter:card\" content=\"summary_large_image\" \/>\n<meta name=\"twitter:site\" content=\"@handy_games\" \/>\n<meta name=\"twitter:label1\" content=\"Gesch\u00e4tzte Lesezeit\" \/>\n\t<meta name=\"twitter:data1\" content=\"5\u00a0Minuten\" \/>\n<script type=\"application\/ld+json\" class=\"yoast-schema-graph\">{\"@context\":\"https:\/\/schema.org\",\"@graph\":[{\"@type\":\"WebPage\",\"@id\":\"https:\/\/handy-games.com\/de\/datenschutz\/\",\"url\":\"https:\/\/handy-games.com\/de\/datenschutz\/\",\"name\":\"Datenschutz | HandyGames\u2122\",\"isPartOf\":{\"@id\":\"https:\/\/remote.handy-games.com\/de\/#website\"},\"datePublished\":\"2017-11-21T10:02:22+00:00\",\"dateModified\":\"2022-03-29T08:05:38+00:00\",\"breadcrumb\":{\"@id\":\"https:\/\/handy-games.com\/de\/datenschutz\/#breadcrumb\"},\"inLanguage\":\"de\",\"potentialAction\":[{\"@type\":\"ReadAction\",\"target\":[\"https:\/\/handy-games.com\/de\/datenschutz\/\"]}]},{\"@type\":\"BreadcrumbList\",\"@id\":\"https:\/\/handy-games.com\/de\/datenschutz\/#breadcrumb\",\"itemListElement\":[{\"@type\":\"ListItem\",\"position\":1,\"name\":\"Home\",\"item\":\"https:\/\/remote.handy-games.com\/de\/\"},{\"@type\":\"ListItem\",\"position\":2,\"name\":\"Datenschutz\"}]},{\"@type\":\"WebSite\",\"@id\":\"https:\/\/remote.handy-games.com\/de\/#website\",\"url\":\"https:\/\/remote.handy-games.com\/de\/\",\"name\":\"HandyGames\u2122\",\"description\":\"Free games for iPhone, iPad, Android, Windows Phone 8 and Oculus.\",\"publisher\":{\"@id\":\"https:\/\/remote.handy-games.com\/de\/#organization\"},\"potentialAction\":[{\"@type\":\"SearchAction\",\"target\":{\"@type\":\"EntryPoint\",\"urlTemplate\":\"https:\/\/remote.handy-games.com\/de\/?s={search_term_string}\"},\"query-input\":\"required name=search_term_string\"}],\"inLanguage\":\"de\"},{\"@type\":\"Organization\",\"@id\":\"https:\/\/remote.handy-games.com\/de\/#organization\",\"name\":\"HandyGames\u2122\",\"url\":\"https:\/\/remote.handy-games.com\/de\/\",\"logo\":{\"@type\":\"ImageObject\",\"inLanguage\":\"de\",\"@id\":\"https:\/\/remote.handy-games.com\/de\/#\/schema\/logo\/image\/\",\"url\":\"https:\/\/www.handy-games.com\/wp-content\/uploads\/2023\/05\/HandyGames-THQ_2022_RGB.png\",\"contentUrl\":\"https:\/\/www.handy-games.com\/wp-content\/uploads\/2023\/05\/HandyGames-THQ_2022_RGB.png\",\"width\":1800,\"height\":704,\"caption\":\"HandyGames\u2122\"},\"image\":{\"@id\":\"https:\/\/remote.handy-games.com\/de\/#\/schema\/logo\/image\/\"},\"sameAs\":[\"https:\/\/www.facebook.com\/handygames\/\",\"https:\/\/twitter.com\/handy_games\",\"https:\/\/www.instagram.com\/handygames\/\",\"https:\/\/www.youtube.com\/user\/HandyGamesGmbH\"]}]}<\/script>\n<!-- \/ Yoast SEO plugin. -->","yoast_head_json":{"title":"Datenschutz | HandyGames\u2122","robots":{"index":"index","follow":"follow","max-snippet":"max-snippet:-1","max-image-preview":"max-image-preview:large","max-video-preview":"max-video-preview:-1"},"canonical":"https:\/\/handy-games.com\/de\/datenschutz\/","og_locale":"de_DE","og_type":"article","og_title":"Datenschutz | HandyGames\u2122","og_description":"[vc_row type=&#8220;full_width_background&#8220; full_screen_row_position=&#8220;middle&#8220; column_margin=&#8220;default&#8220; column_direction=&#8220;default&#8220; column_direction_tablet=&#8220;default&#8220; column_direction_phone=&#8220;default&#8220; bg_color=&#8220;#ffffff&#8220; scene_position=&#8220;center&#8220; text_color=&#8220;dark&#8220; text_align=&#8220;left&#8220; row_border_radius=&#8220;none&#8220; row_border_radius_applies=&#8220;bg&#8220; overlay_strength=&#8220;0.3&#8243; gradient_direction=&#8220;left_to_right&#8220; shape_divider_position=&#8220;bottom&#8220; bg_image_animation=&#8220;none&#8220; shape_type=&#8220;&#8220;][vc_column column_padding=&#8220;no-extra-padding&#8220; column_padding_tablet=&#8220;inherit&#8220; column_padding_phone=&#8220;inherit&#8220; column_padding_position=&#8220;all&#8220; background_color_opacity=&#8220;1&#8243; background_hover_color_opacity=&#8220;1&#8243; column_shadow=&#8220;none&#8220; column_border_radius=&#8220;none&#8220; column_link_target=&#8220;_self&#8220; gradient_direction=&#8220;left_to_right&#8220; overlay_strength=&#8220;0.3&#8243; width=&#8220;1\/1&#8243; tablet_width_inherit=&#8220;default&#8220; tablet_text_alignment=&#8220;default&#8220; phone_text_alignment=&#8220;default&#8220; column_border_width=&#8220;none&#8220; column_border_style=&#8220;solid&#8220; bg_image_animation=&#8220;none&#8220;][divider line_type=&#8220;No Line&#8220; custom_height=&#8220;30&#8243;][vc_column_text] Datenschutzerkl\u00e4rung von HandyGames (www.handy-games.com GmbH und HandyGames Studios GmbH) [\/vc_column_text][divider line_type=&#8220;No...","og_url":"https:\/\/handy-games.com\/de\/datenschutz\/","og_site_name":"HandyGames\u2122","article_publisher":"https:\/\/www.facebook.com\/handygames\/","article_modified_time":"2022-03-29T08:05:38+00:00","twitter_card":"summary_large_image","twitter_site":"@handy_games","twitter_misc":{"Gesch\u00e4tzte Lesezeit":"5\u00a0Minuten"},"schema":{"@context":"https:\/\/schema.org","@graph":[{"@type":"WebPage","@id":"https:\/\/handy-games.com\/de\/datenschutz\/","url":"https:\/\/handy-games.com\/de\/datenschutz\/","name":"Datenschutz | HandyGames\u2122","isPartOf":{"@id":"https:\/\/remote.handy-games.com\/de\/#website"},"datePublished":"2017-11-21T10:02:22+00:00","dateModified":"2022-03-29T08:05:38+00:00","breadcrumb":{"@id":"https:\/\/handy-games.com\/de\/datenschutz\/#breadcrumb"},"inLanguage":"de","potentialAction":[{"@type":"ReadAction","target":["https:\/\/handy-games.com\/de\/datenschutz\/"]}]},{"@type":"BreadcrumbList","@id":"https:\/\/handy-games.com\/de\/datenschutz\/#breadcrumb","itemListElement":[{"@type":"ListItem","position":1,"name":"Home","item":"https:\/\/remote.handy-games.com\/de\/"},{"@type":"ListItem","position":2,"name":"Datenschutz"}]},{"@type":"WebSite","@id":"https:\/\/remote.handy-games.com\/de\/#website","url":"https:\/\/remote.handy-games.com\/de\/","name":"HandyGames\u2122","description":"Free games for iPhone, iPad, Android, Windows Phone 8 and Oculus.","publisher":{"@id":"https:\/\/remote.handy-games.com\/de\/#organization"},"potentialAction":[{"@type":"SearchAction","target":{"@type":"EntryPoint","urlTemplate":"https:\/\/remote.handy-games.com\/de\/?s={search_term_string}"},"query-input":"required name=search_term_string"}],"inLanguage":"de"},{"@type":"Organization","@id":"https:\/\/remote.handy-games.com\/de\/#organization","name":"HandyGames\u2122","url":"https:\/\/remote.handy-games.com\/de\/","logo":{"@type":"ImageObject","inLanguage":"de","@id":"https:\/\/remote.handy-games.com\/de\/#\/schema\/logo\/image\/","url":"https:\/\/www.handy-games.com\/wp-content\/uploads\/2023\/05\/HandyGames-THQ_2022_RGB.png","contentUrl":"https:\/\/www.handy-games.com\/wp-content\/uploads\/2023\/05\/HandyGames-THQ_2022_RGB.png","width":1800,"height":704,"caption":"HandyGames\u2122"},"image":{"@id":"https:\/\/remote.handy-games.com\/de\/#\/schema\/logo\/image\/"},"sameAs":["https:\/\/www.facebook.com\/handygames\/","https:\/\/twitter.com\/handy_games","https:\/\/www.instagram.com\/handygames\/","https:\/\/www.youtube.com\/user\/HandyGamesGmbH"]}]}},"_links":{"self":[{"href":"https:\/\/handy-games.com\/de\/wp-json\/wp\/v2\/pages\/49144"}],"collection":[{"href":"https:\/\/handy-games.com\/de\/wp-json\/wp\/v2\/pages"}],"about":[{"href":"https:\/\/handy-games.com\/de\/wp-json\/wp\/v2\/types\/page"}],"author":[{"embeddable":true,"href":"https:\/\/handy-games.com\/de\/wp-json\/wp\/v2\/users\/3"}],"replies":[{"embeddable":true,"href":"https:\/\/handy-games.com\/de\/wp-json\/wp\/v2\/comments?post=49144"}],"version-history":[{"count":21,"href":"https:\/\/handy-games.com\/de\/wp-json\/wp\/v2\/pages\/49144\/revisions"}],"predecessor-version":[{"id":60045,"href":"https:\/\/handy-games.com\/de\/wp-json\/wp\/v2\/pages\/49144\/revisions\/60045"}],"wp:attachment":[{"href":"https:\/\/handy-games.com\/de\/wp-json\/wp\/v2\/media?parent=49144"}],"curies":[{"name":"wp","href":"https:\/\/api.w.org\/{rel}","templated":true}]}}