{"id":55362,"date":"2019-09-27T11:21:53","date_gmt":"2019-09-27T10:21:53","guid":{"rendered":"https:\/\/handy-games.com\/?page_id=55362"},"modified":"2022-03-16T15:27:18","modified_gmt":"2022-03-16T14:27:18","slug":"producer","status":"publish","type":"page","link":"https:\/\/handy-games.com\/de\/karriere\/producer\/","title":{"rendered":"Producer (w\/m\/d)"},"content":{"rendered":"[vc_row type=&#8220;full_width_background&#8220; full_screen_row_position=&#8220;middle&#8220; column_margin=&#8220;default&#8220; column_direction=&#8220;default&#8220; column_direction_tablet=&#8220;default&#8220; column_direction_phone=&#8220;default&#8220; scene_position=&#8220;center&#8220; text_color=&#8220;light&#8220; text_align=&#8220;left&#8220; row_border_radius=&#8220;none&#8220; row_border_radius_applies=&#8220;bg&#8220; id=&#8220;#producer&#8220; row_name=&#8220;Producer&#8220; overlay_strength=&#8220;0.3&#8243; gradient_direction=&#8220;left_to_right&#8220; shape_divider_position=&#8220;bottom&#8220; bg_image_animation=&#8220;none&#8220; shape_type=&#8220;&#8220;][vc_column column_padding=&#8220;no-extra-padding&#8220; column_padding_tablet=&#8220;inherit&#8220; column_padding_phone=&#8220;inherit&#8220; column_padding_position=&#8220;all&#8220; background_color_opacity=&#8220;1&#8243; background_hover_color_opacity=&#8220;1&#8243; column_shadow=&#8220;none&#8220; column_border_radius=&#8220;none&#8220; column_link_target=&#8220;_self&#8220; gradient_direction=&#8220;left_to_right&#8220; overlay_strength=&#8220;0.3&#8243; width=&#8220;1\/1&#8243; tablet_width_inherit=&#8220;default&#8220; tablet_text_alignment=&#8220;default&#8220; phone_text_alignment=&#8220;default&#8220; column_border_width=&#8220;none&#8220; column_border_style=&#8220;solid&#8220; bg_image_animation=&#8220;none&#8220;]<style type=\"text\/css\">#nectar-slider-instance-1, #nectar-slider-instance-1 .swiper-container { min-height: 650px; } <\/style><div  data-transition=\"fade\" data-overall_style=\"classic\" data-flexible-height=\"true\" data-animate-in-effect=\"none\" data-fullscreen=\"true\" data-button-sizing=\"regular\" data-button-styling=\"btn_with_count\" data-autorotate=\"6000\" data-parallax=\"false\" data-parallax-disable-mobile=\"\" data-caption-trans=\"fade_in_from_bottom\" data-parallax-style=\"bg_only\" data-bg-animation=\"none\" data-full-width=\"true\" class=\"nectar-slider-wrap \" id=\"nectar-slider-instance-1\"><div class=\"swiper-container\"  data-tho=\"auto\" data-tco=\"auto\" data-pho=\"auto\" data-pco=\"auto\" data-loop=\"true\" data-height=\"650\" data-min-height=\"650\" data-arrows=\"false\" data-bullets=\"true\" data-bullet_style=\"see_through\" data-bullet_position=\"bottom\" data-desktop-swipe=\"true\" data-settings=\"\"> <div class=\"swiper-wrapper\"><div class=\"swiper-slide headingWithShadow\" data-desktop-content-width=\"auto\" data-tablet-content-width=\"auto\" data-bg-alignment=\"center\" data-color-scheme=\"light\" data-x-pos=\"left\" data-y-pos=\"middle\" ><div class=\"slide-bg-wrap\"><div class=\"image-bg\" style=\"background-image: url(https:\/\/handy-games.com\/wp-content\/uploads\/2019\/09\/Job-Producer_2560x1440.jpg);\"> &nbsp; <\/div><\/div><div class=\"container\">\n\t\t\t\t\t\t<div class=\"content\"><h2 class=\"ns-heading-el\">Producer (w\/m\/d)<\/h2><div class=\"buttons\"><div class=\"button transparent_2\">\n\t\t\t\t\t\t\t\t\t\t <a class=\"primary-color\" href=\"https:\/\/www.handy-games.com\/de\/karriere\/producer\/#description\">Weiter lesen!<\/a>\n\t\t\t\t\t\t\t\t\t\t<\/div><\/div><\/div>\n\t\t\t\t\t\t\t\t<\/div><!--\/container--><a href=\"#\" class=\"slider-down-arrow\"><i class=\"icon-salient-down-arrow icon-default-style\"> <span class=\"ie-fix\"><\/span> <\/i><\/a><div class=\"video-texture active_texture\"> <span class=\"ie-fix\"><\/span> <\/div><\/div> <!--\/swiper-slide--><\/div><div class=\"nectar-slider-loading \"> <span class=\"loading-icon spin\">   <\/span> <\/div> <\/div> \n\t\t\t\t\t\n\t\t\t\t\t<\/div>[\/vc_column][\/vc_row][vc_row type=&#8220;full_width_background&#8220; full_screen_row_position=&#8220;middle&#8220; column_margin=&#8220;default&#8220; column_direction=&#8220;default&#8220; column_direction_tablet=&#8220;default&#8220; column_direction_phone=&#8220;default&#8220; scene_position=&#8220;center&#8220; text_color=&#8220;dark&#8220; text_align=&#8220;left&#8220; row_border_radius=&#8220;none&#8220; row_border_radius_applies=&#8220;bg&#8220; id=&#8220;description&#8220; row_name=&#8220;Job Description&#8220; overlay_strength=&#8220;0.3&#8243; gradient_direction=&#8220;left_to_right&#8220; shape_divider_position=&#8220;bottom&#8220; bg_image_animation=&#8220;none&#8220; shape_type=&#8220;&#8220;][vc_column column_padding=&#8220;no-extra-padding&#8220; column_padding_tablet=&#8220;inherit&#8220; column_padding_phone=&#8220;inherit&#8220; column_padding_position=&#8220;all&#8220; background_color_opacity=&#8220;1&#8243; background_hover_color_opacity=&#8220;1&#8243; column_shadow=&#8220;none&#8220; column_border_radius=&#8220;none&#8220; column_link_target=&#8220;_self&#8220; gradient_direction=&#8220;left_to_right&#8220; overlay_strength=&#8220;0.3&#8243; width=&#8220;1\/1&#8243; tablet_width_inherit=&#8220;default&#8220; tablet_text_alignment=&#8220;default&#8220; phone_text_alignment=&#8220;default&#8220; column_border_width=&#8220;none&#8220; column_border_style=&#8220;solid&#8220; bg_image_animation=&#8220;none&#8220;][divider line_type=&#8220;No Line&#8220; custom_height=&#8220;60&#8243;][vc_row_inner column_margin=&#8220;default&#8220; column_direction=&#8220;default&#8220; column_direction_tablet=&#8220;default&#8220; column_direction_phone=&#8220;default&#8220; text_align=&#8220;left&#8220;][vc_column_inner column_padding=&#8220;no-extra-padding&#8220; column_padding_tablet=&#8220;inherit&#8220; column_padding_phone=&#8220;inherit&#8220; column_padding_position=&#8220;all&#8220; background_color_opacity=&#8220;1&#8243; background_hover_color_opacity=&#8220;1&#8243; column_shadow=&#8220;none&#8220; column_border_radius=&#8220;none&#8220; column_link_target=&#8220;_self&#8220; gradient_direction=&#8220;left_to_right&#8220; overlay_strength=&#8220;0.3&#8243; width=&#8220;1\/1&#8243; tablet_width_inherit=&#8220;default&#8220; column_border_width=&#8220;none&#8220; column_border_style=&#8220;solid&#8220; bg_image_animation=&#8220;none&#8220;][vc_column_text]\n<h3 style=\"text-align: left;\">Producer (w\/m\/d)<\/h3>\n[\/vc_column_text][divider line_type=&#8220;No Line&#8220; custom_height=&#8220;10&#8243;]<div class=\"templatera_shortcode\">\n\t\t<div id=\"fws_69de2694264fc\"  data-column-margin=\"default\" data-midnight=\"dark\"  class=\"wpb_row vc_row-fluid vc_row\"  style=\"padding-top: 0px; padding-bottom: 0px; \"><div class=\"row-bg-wrap\" data-bg-animation=\"none\" data-bg-animation-delay=\"\" data-bg-overlay=\"false\"><div class=\"inner-wrap row-bg-layer\" ><div class=\"row-bg viewport-desktop\"  style=\"\"><\/div><\/div><\/div><div class=\"row_col_wrap_12 col span_12 dark left\">\n\t<div  class=\"vc_col-sm-12 wpb_column column_container vc_column_container col no-extra-padding inherit_tablet inherit_phone \"  data-padding-pos=\"all\" data-has-bg-color=\"false\" data-bg-color=\"\" data-bg-opacity=\"1\" data-animation=\"\" data-delay=\"0\" >\n\t\t<div class=\"vc_column-inner\" >\n\t\t\t<div class=\"wpb_wrapper\">\n\t\t\t\t\n<div class=\"wpb_text_column wpb_content_element \" >\n\t<div class=\"wpb_wrapper\">\n\t\t<p>Spiele sind deine Leidenschaft? Du liebst Indie-Titel und alles, was nicht Mainstream ist? Dein Traum ist es, unsere aktuelle Portfoliostrategie zu definieren und eng mit internen und externen Entwicklungsteams zusammenzuarbeiten? Du bist scharf darauf, neue Konzepte zu evaluieren, den Umfang unserer Spieleprojekte festzulegen und einen \u00dcberblick \u00fcber unsere Entwicklung und Milestone-Pl\u00e4ne zu behalten?<\/p>\n<p>Wir suchen f\u00fcr unseren Hauptsitz in Giebelstadt, Deutschland, einen Producer (w\/m\/d) mit einer inspirierenden Pers\u00f6nlichkeit, der unsere Videospielprojekte managt.<\/p>\n\t<\/div>\n<\/div>\n\n\n\n\n\t\t\t<\/div> \n\t\t<\/div>\n\t<\/div> \n<\/div><\/div><\/div><div class=\"templatera_shortcode\">\n\t\t<div id=\"fws_69de269426f63\"  data-column-margin=\"default\" data-midnight=\"dark\"  class=\"wpb_row vc_row-fluid vc_row\"  style=\"padding-top: 0px; padding-bottom: 0px; \"><div class=\"row-bg-wrap\" data-bg-animation=\"none\" data-bg-animation-delay=\"\" data-bg-overlay=\"false\"><div class=\"inner-wrap row-bg-layer\" ><div class=\"row-bg viewport-desktop\"  style=\"\"><\/div><\/div><\/div><div class=\"row_col_wrap_12 col span_12 dark left\">\n\t<div  class=\"vc_col-sm-12 wpb_column column_container vc_column_container col no-extra-padding inherit_tablet inherit_phone \"  data-padding-pos=\"all\" data-has-bg-color=\"false\" data-bg-color=\"\" data-bg-opacity=\"1\" data-animation=\"\" data-delay=\"0\" >\n\t\t<div class=\"vc_column-inner\" >\n\t\t\t<div class=\"wpb_wrapper\">\n\t\t\t\t<div class=\"iwithtext\"><div class=\"iwt-icon\"> <i class=\"icon-default-style fa fa-exclamation-triangle accent-color\"><\/i> <\/div><div class=\"iwt-text\"> Bitte sende uns keine komprimierten Dateien (ZIP\/RAR\/etc.), Word\/Excel Dokumente (doc, docx, xlsx) oder Links. Wir nehmen ausschlie\u00dflich PDF Dateien an! Vielen Dank.\r\n\r\n<span data-contrast=\"auto\">Wir verarbeiten personenbezogene Daten in \u00dcbereinstimmung mit unserer Datenschutzerkl\u00e4rung f\u00fcr Bewerber:innen.<\/span> <\/div><div class=\"clear\"><\/div><\/div>\n\t\t\t<\/div> \n\t\t<\/div>\n\t<\/div> \n<\/div><\/div><\/div>[vc_column_text]Please read our <a href=\"https:\/\/handy-games.com\/de\/datenschutzbelehrung-bewerber\/\">DATENSCHUTZERKL\u00c4RUNG<\/a>[\/vc_column_text][divider line_type=&#8220;No Line&#8220; custom_height=&#8220;10&#8243;][nectar_btn size=&#8220;medium&#8220; button_style=&#8220;see-through-2&#8243; hover_text_color_override=&#8220;#ffffff&#8220; icon_family=&#8220;fontawesome&#8220; url=&#8220;mailto:jobs@handy-games.com?subject=Bewerbung als Producer&#8220; text=&#8220;Jetzt bewerben!&#8220; margin_right=&#8220;20&#8243; icon_fontawesome=&#8220;fa fa-arrow-right&#8220;][nectar_btn size=&#8220;medium&#8220; button_style=&#8220;see-through-2&#8243; hover_text_color_override=&#8220;#ffffff&#8220; icon_family=&#8220;fontawesome&#8220; text=&#8220;Zur\u00fcck zu allen Jobs&#8220; url=&#8220;\/de\/karriere#OpenPositions&#8220; icon_fontawesome=&#8220;fa fa-arrow-left&#8220;][\/vc_column_inner][\/vc_row_inner][vc_row_inner column_margin=&#8220;default&#8220; column_direction=&#8220;default&#8220; column_direction_tablet=&#8220;default&#8220; column_direction_phone=&#8220;default&#8220; text_align=&#8220;left&#8220;][vc_column_inner column_padding=&#8220;no-extra-padding&#8220; column_padding_tablet=&#8220;inherit&#8220; column_padding_phone=&#8220;inherit&#8220; column_padding_position=&#8220;right&#8220; background_color_opacity=&#8220;1&#8243; background_hover_color_opacity=&#8220;1&#8243; column_shadow=&#8220;none&#8220; column_border_radius=&#8220;none&#8220; column_link_target=&#8220;_self&#8220; gradient_direction=&#8220;left_to_right&#8220; overlay_strength=&#8220;0.3&#8243; width=&#8220;1\/3&#8243; tablet_width_inherit=&#8220;default&#8220; column_border_width=&#8220;none&#8220; column_border_style=&#8220;solid&#8220; bg_image_animation=&#8220;none&#8220;][vc_column_text]\n<h4 class=\"sectional-content-heading alt\"><span style=\"color: #6f93b5;\">Stellenbeschreibung<\/span><\/h4>\n[\/vc_column_text][divider line_type=&#8220;No Line&#8220; custom_height=&#8220;0&#8243;][vc_column_text]Als Mitglied unseres Producing-Teams bist du f\u00fcr die Entwicklung interner und externer Spieleprojekte verantwortlich \u2013 vom Vertragsabschluss bis zur weltweiten Ver\u00f6ffentlichung. Weiterhin unterst\u00fctzt du das Publishing-Team bei der Evaluierung neuer Konzepte, Game-Pitches und Prototypen.[\/vc_column_text][divider line_type=&#8220;No Line&#8220; custom_height=&#8220;20&#8243;][\/vc_column_inner][vc_column_inner column_padding=&#8220;no-extra-padding&#8220; column_padding_tablet=&#8220;inherit&#8220; column_padding_phone=&#8220;inherit&#8220; column_padding_position=&#8220;left-right&#8220; background_color_opacity=&#8220;1&#8243; background_hover_color_opacity=&#8220;1&#8243; column_shadow=&#8220;none&#8220; column_border_radius=&#8220;none&#8220; column_link_target=&#8220;_self&#8220; gradient_direction=&#8220;left_to_right&#8220; overlay_strength=&#8220;0.3&#8243; width=&#8220;1\/3&#8243; tablet_width_inherit=&#8220;default&#8220; column_border_width=&#8220;none&#8220; column_border_style=&#8220;solid&#8220; bg_image_animation=&#8220;none&#8220;][vc_column_text]\n<h4><span style=\"color: #6f93b5;\">Dein Profil<\/span><\/h4>\n[\/vc_column_text][divider line_type=&#8220;No Line&#8220; custom_height=&#8220;0&#8243;]<div class=\"nectar-fancy-ul\" data-list-icon=\"fa fa-check\" data-animation=\"false\" data-animation-delay=\"0\" data-color=\"accent-color\" data-spacing=\"default\" data-alignment=\"left\"> \n<ul>\n<li>Du verf\u00fcgst \u00fcber einen nachgewiesenen Track-Record und Berufserfahrung im Bereich der Videospielproduktion f\u00fcr PC, Konsolen und mobile Ger\u00e4te.<\/li>\n<li>Du verf\u00fcgst \u00fcber fundierte Kenntnisse im Projektmanagement und in agilen Produktionsmethoden.<\/li>\n<li>Du hast sehr gute schriftliche und m\u00fcndliche Kommunikationsf\u00e4higkeiten in Englisch und Deutsch \u2013 weitere Sprachen sind von Vorteil.<\/li>\n<li>Du hast bereits eng mit QA, Marketing, Vertrieb, PR und Management zusammengearbeitet.<\/li>\n<li>Du bist dazu bereit, an internationalen Events teilzunehmen und unsere Studios im In- und Ausland zu besuchen.<\/li>\n<\/ul>\n <\/div>[divider line_type=&#8220;No Line&#8220; custom_height=&#8220;20&#8243;][\/vc_column_inner][vc_column_inner column_padding=&#8220;no-extra-padding&#8220; column_padding_tablet=&#8220;inherit&#8220; column_padding_phone=&#8220;inherit&#8220; column_padding_position=&#8220;left&#8220; background_color_opacity=&#8220;1&#8243; background_hover_color_opacity=&#8220;1&#8243; column_shadow=&#8220;none&#8220; column_border_radius=&#8220;none&#8220; column_link_target=&#8220;_self&#8220; gradient_direction=&#8220;left_to_right&#8220; overlay_strength=&#8220;0.3&#8243; width=&#8220;1\/3&#8243; tablet_width_inherit=&#8220;default&#8220; column_border_width=&#8220;none&#8220; column_border_style=&#8220;solid&#8220; bg_image_animation=&#8220;none&#8220;]<div class=\"templatera_shortcode\">\n\t\t<div id=\"fws_69de269427e80\"  data-column-margin=\"default\" data-midnight=\"dark\"  class=\"wpb_row vc_row-fluid vc_row\"  style=\"padding-top: 0px; padding-bottom: 0px; \"><div class=\"row-bg-wrap\" data-bg-animation=\"none\" data-bg-animation-delay=\"\" data-bg-overlay=\"false\"><div class=\"inner-wrap row-bg-layer\" ><div class=\"row-bg viewport-desktop\"  style=\"\"><\/div><\/div><\/div><div class=\"row_col_wrap_12 col span_12 dark left\">\n\t<div  class=\"vc_col-sm-12 wpb_column column_container vc_column_container col no-extra-padding inherit_tablet inherit_phone \"  data-padding-pos=\"all\" data-has-bg-color=\"false\" data-bg-color=\"\" data-bg-opacity=\"1\" data-animation=\"\" data-delay=\"0\" >\n\t\t<div class=\"vc_column-inner\" >\n\t\t\t<div class=\"wpb_wrapper\">\n\t\t\t\t\n<div class=\"wpb_text_column wpb_content_element \" >\n\t<div class=\"wpb_wrapper\">\n\t\t<h4><span style=\"color: #6f93b5;\">HandyGames\u2122 bietet dir<br \/>\n<\/span><\/h4>\n\t<\/div>\n<\/div>\n\n\n\n<div class=\"divider-wrap\" data-alignment=\"default\"><div  class=\"divider\"><\/div><\/div><div class=\"nectar-fancy-ul\" data-list-icon=\"fa fa-check\" data-animation=\"false\" data-animation-delay=\"0\" data-color=\"accent-color\" data-spacing=\"default\" data-alignment=\"left\"> \r\n<ul>\r\n \t<li>40-Stunden-Woche<\/li>\r\n \t<li>Flexible Arbeitszeiten und 30 Tage Urlaub<\/li>\r\n \t<li>Kurze, schnelle Entscheidungsprozesse dank flacher Hierarchien<\/li>\r\n \t<li>M\u00f6glichkeit, in einem Team mit erfahrenen Profis zu arbeiten<\/li>\r\n \t<li>Moderne Arbeitspl\u00e4tze ausgestattet mit der neusten Technologie<\/li>\r\n<\/ul>\r\n <\/div>\n<div class=\"wpb_text_column wpb_content_element \" >\n\t<div class=\"wpb_wrapper\">\n\t\t<h4><span style=\"color: #6f93b5;\">Angebote vor Ort<br \/>\n<\/span><\/h4>\n\t<\/div>\n<\/div>\n\n\n\n<div class=\"divider-wrap\" data-alignment=\"default\"><div  class=\"divider\"><\/div><\/div><div class=\"nectar-fancy-ul\" data-list-icon=\"fa fa-check\" data-animation=\"false\" data-animation-delay=\"0\" data-color=\"accent-color\" data-spacing=\"default\" data-alignment=\"left\"> \r\n<ul>\r\n \t<li>Team-Restaurant<\/li>\r\n \t<li>Hauseigenes Fitnessstudio<\/li>\r\n \t<li>Lades\u00e4ulen f\u00fcr Elektroautos<\/li>\r\n \t<li>Firmenapartment (auf Anfrage)<\/li>\r\n \t<li>Paketannahme-Service<\/li>\r\n<\/ul>\r\n <\/div>\n\t\t\t<\/div> \n\t\t<\/div>\n\t<\/div> \n<\/div><\/div><\/div>[\/vc_column_inner][\/vc_row_inner][\/vc_column][\/vc_row]\n","protected":false},"excerpt":{"rendered":"","protected":false},"author":3,"featured_media":58864,"parent":57833,"menu_order":0,"comment_status":"closed","ping_status":"closed","template":"","meta":[],"yoast_head":"<!-- This site is optimized with the Yoast SEO plugin v21.7 - https:\/\/yoast.com\/wordpress\/plugins\/seo\/ -->\n<title>Producer (w\/m\/d) | HandyGames\u2122<\/title>\n<meta name=\"description\" content=\"Wir suchen f\u00fcr unseren Hauptsitz in Giebelstadt, Deutschland, einen Producer (w\/m\/d) mit einer inspirierenden Pers\u00f6nlichkeit, der unsere Videospielprojekte managt.\" \/>\n<meta name=\"robots\" content=\"index, follow, max-snippet:-1, max-image-preview:large, max-video-preview:-1\" \/>\n<link rel=\"canonical\" href=\"https:\/\/handy-games.com\/de\/karriere\/producer\/\" \/>\n<meta property=\"og:locale\" content=\"de_DE\" \/>\n<meta property=\"og:type\" content=\"article\" \/>\n<meta property=\"og:title\" content=\"Producer (w\/m\/d) | HandyGames\u2122\" \/>\n<meta property=\"og:description\" content=\"Wir suchen f\u00fcr unseren Hauptsitz in Giebelstadt, Deutschland, einen Producer (w\/m\/d) mit einer inspirierenden Pers\u00f6nlichkeit, der unsere Videospielprojekte managt.\" \/>\n<meta property=\"og:url\" content=\"https:\/\/handy-games.com\/de\/karriere\/producer\/\" \/>\n<meta property=\"og:site_name\" content=\"HandyGames\u2122\" \/>\n<meta property=\"article:publisher\" content=\"https:\/\/www.facebook.com\/handygames\/\" \/>\n<meta property=\"article:modified_time\" content=\"2022-03-16T14:27:18+00:00\" \/>\n<meta property=\"og:image\" content=\"https:\/\/test-handy-games.com\/wp-content\/uploads\/2021\/10\/Featuredimage_Producer.jpg\" \/>\n\t<meta property=\"og:image:width\" content=\"1920\" \/>\n\t<meta property=\"og:image:height\" content=\"1080\" \/>\n\t<meta property=\"og:image:type\" content=\"image\/jpeg\" \/>\n<meta name=\"twitter:card\" content=\"summary_large_image\" \/>\n<meta name=\"twitter:site\" content=\"@handy_games\" \/>\n<meta name=\"twitter:label1\" content=\"Gesch\u00e4tzte Lesezeit\" \/>\n\t<meta name=\"twitter:data1\" content=\"2\u00a0Minuten\" \/>\n<script type=\"application\/ld+json\" class=\"yoast-schema-graph\">{\"@context\":\"https:\/\/schema.org\",\"@graph\":[{\"@type\":\"WebPage\",\"@id\":\"https:\/\/handy-games.com\/de\/karriere\/producer\/\",\"url\":\"https:\/\/handy-games.com\/de\/karriere\/producer\/\",\"name\":\"Producer (w\/m\/d) | HandyGames\u2122\",\"isPartOf\":{\"@id\":\"https:\/\/remote.handy-games.com\/de\/#website\"},\"datePublished\":\"2019-09-27T10:21:53+00:00\",\"dateModified\":\"2022-03-16T14:27:18+00:00\",\"description\":\"Wir suchen f\u00fcr unseren Hauptsitz in Giebelstadt, Deutschland, einen Producer (w\/m\/d) mit einer inspirierenden Pers\u00f6nlichkeit, der unsere Videospielprojekte managt.\",\"breadcrumb\":{\"@id\":\"https:\/\/handy-games.com\/de\/karriere\/producer\/#breadcrumb\"},\"inLanguage\":\"de\",\"potentialAction\":[{\"@type\":\"ReadAction\",\"target\":[\"https:\/\/handy-games.com\/de\/karriere\/producer\/\"]}]},{\"@type\":\"BreadcrumbList\",\"@id\":\"https:\/\/handy-games.com\/de\/karriere\/producer\/#breadcrumb\",\"itemListElement\":[{\"@type\":\"ListItem\",\"position\":1,\"name\":\"Home\",\"item\":\"https:\/\/remote.handy-games.com\/de\/\"},{\"@type\":\"ListItem\",\"position\":2,\"name\":\"Karriere\",\"item\":\"https:\/\/more.handy-games.com\/de\/karriere\/\"},{\"@type\":\"ListItem\",\"position\":3,\"name\":\"Producer (w\/m\/d)\"}]},{\"@type\":\"WebSite\",\"@id\":\"https:\/\/remote.handy-games.com\/de\/#website\",\"url\":\"https:\/\/remote.handy-games.com\/de\/\",\"name\":\"HandyGames\u2122\",\"description\":\"Free games for iPhone, iPad, Android, Windows Phone 8 and Oculus.\",\"publisher\":{\"@id\":\"https:\/\/remote.handy-games.com\/de\/#organization\"},\"potentialAction\":[{\"@type\":\"SearchAction\",\"target\":{\"@type\":\"EntryPoint\",\"urlTemplate\":\"https:\/\/remote.handy-games.com\/de\/?s={search_term_string}\"},\"query-input\":\"required name=search_term_string\"}],\"inLanguage\":\"de\"},{\"@type\":\"Organization\",\"@id\":\"https:\/\/remote.handy-games.com\/de\/#organization\",\"name\":\"HandyGames\u2122\",\"url\":\"https:\/\/remote.handy-games.com\/de\/\",\"logo\":{\"@type\":\"ImageObject\",\"inLanguage\":\"de\",\"@id\":\"https:\/\/remote.handy-games.com\/de\/#\/schema\/logo\/image\/\",\"url\":\"https:\/\/www.handy-games.com\/wp-content\/uploads\/2023\/05\/HandyGames-THQ_2022_RGB.png\",\"contentUrl\":\"https:\/\/www.handy-games.com\/wp-content\/uploads\/2023\/05\/HandyGames-THQ_2022_RGB.png\",\"width\":1800,\"height\":704,\"caption\":\"HandyGames\u2122\"},\"image\":{\"@id\":\"https:\/\/remote.handy-games.com\/de\/#\/schema\/logo\/image\/\"},\"sameAs\":[\"https:\/\/www.facebook.com\/handygames\/\",\"https:\/\/twitter.com\/handy_games\",\"https:\/\/www.instagram.com\/handygames\/\",\"https:\/\/www.youtube.com\/user\/HandyGamesGmbH\"]}]}<\/script>\n<!-- \/ Yoast SEO plugin. -->","yoast_head_json":{"title":"Producer (w\/m\/d) | HandyGames\u2122","description":"Wir suchen f\u00fcr unseren Hauptsitz in Giebelstadt, Deutschland, einen Producer (w\/m\/d) mit einer inspirierenden Pers\u00f6nlichkeit, der unsere Videospielprojekte managt.","robots":{"index":"index","follow":"follow","max-snippet":"max-snippet:-1","max-image-preview":"max-image-preview:large","max-video-preview":"max-video-preview:-1"},"canonical":"https:\/\/handy-games.com\/de\/karriere\/producer\/","og_locale":"de_DE","og_type":"article","og_title":"Producer (w\/m\/d) | HandyGames\u2122","og_description":"Wir suchen f\u00fcr unseren Hauptsitz in Giebelstadt, Deutschland, einen Producer (w\/m\/d) mit einer inspirierenden Pers\u00f6nlichkeit, der unsere Videospielprojekte managt.","og_url":"https:\/\/handy-games.com\/de\/karriere\/producer\/","og_site_name":"HandyGames\u2122","article_publisher":"https:\/\/www.facebook.com\/handygames\/","article_modified_time":"2022-03-16T14:27:18+00:00","og_image":[{"width":1920,"height":1080,"url":"https:\/\/test-handy-games.com\/wp-content\/uploads\/2021\/10\/Featuredimage_Producer.jpg","type":"image\/jpeg"}],"twitter_card":"summary_large_image","twitter_site":"@handy_games","twitter_misc":{"Gesch\u00e4tzte Lesezeit":"2\u00a0Minuten"},"schema":{"@context":"https:\/\/schema.org","@graph":[{"@type":"WebPage","@id":"https:\/\/handy-games.com\/de\/karriere\/producer\/","url":"https:\/\/handy-games.com\/de\/karriere\/producer\/","name":"Producer (w\/m\/d) | HandyGames\u2122","isPartOf":{"@id":"https:\/\/remote.handy-games.com\/de\/#website"},"datePublished":"2019-09-27T10:21:53+00:00","dateModified":"2022-03-16T14:27:18+00:00","description":"Wir suchen f\u00fcr unseren Hauptsitz in Giebelstadt, Deutschland, einen Producer (w\/m\/d) mit einer inspirierenden Pers\u00f6nlichkeit, der unsere Videospielprojekte managt.","breadcrumb":{"@id":"https:\/\/handy-games.com\/de\/karriere\/producer\/#breadcrumb"},"inLanguage":"de","potentialAction":[{"@type":"ReadAction","target":["https:\/\/handy-games.com\/de\/karriere\/producer\/"]}]},{"@type":"BreadcrumbList","@id":"https:\/\/handy-games.com\/de\/karriere\/producer\/#breadcrumb","itemListElement":[{"@type":"ListItem","position":1,"name":"Home","item":"https:\/\/remote.handy-games.com\/de\/"},{"@type":"ListItem","position":2,"name":"Karriere","item":"https:\/\/more.handy-games.com\/de\/karriere\/"},{"@type":"ListItem","position":3,"name":"Producer (w\/m\/d)"}]},{"@type":"WebSite","@id":"https:\/\/remote.handy-games.com\/de\/#website","url":"https:\/\/remote.handy-games.com\/de\/","name":"HandyGames\u2122","description":"Free games for iPhone, iPad, Android, Windows Phone 8 and Oculus.","publisher":{"@id":"https:\/\/remote.handy-games.com\/de\/#organization"},"potentialAction":[{"@type":"SearchAction","target":{"@type":"EntryPoint","urlTemplate":"https:\/\/remote.handy-games.com\/de\/?s={search_term_string}"},"query-input":"required name=search_term_string"}],"inLanguage":"de"},{"@type":"Organization","@id":"https:\/\/remote.handy-games.com\/de\/#organization","name":"HandyGames\u2122","url":"https:\/\/remote.handy-games.com\/de\/","logo":{"@type":"ImageObject","inLanguage":"de","@id":"https:\/\/remote.handy-games.com\/de\/#\/schema\/logo\/image\/","url":"https:\/\/www.handy-games.com\/wp-content\/uploads\/2023\/05\/HandyGames-THQ_2022_RGB.png","contentUrl":"https:\/\/www.handy-games.com\/wp-content\/uploads\/2023\/05\/HandyGames-THQ_2022_RGB.png","width":1800,"height":704,"caption":"HandyGames\u2122"},"image":{"@id":"https:\/\/remote.handy-games.com\/de\/#\/schema\/logo\/image\/"},"sameAs":["https:\/\/www.facebook.com\/handygames\/","https:\/\/twitter.com\/handy_games","https:\/\/www.instagram.com\/handygames\/","https:\/\/www.youtube.com\/user\/HandyGamesGmbH"]}]}},"_links":{"self":[{"href":"https:\/\/handy-games.com\/de\/wp-json\/wp\/v2\/pages\/55362"}],"collection":[{"href":"https:\/\/handy-games.com\/de\/wp-json\/wp\/v2\/pages"}],"about":[{"href":"https:\/\/handy-games.com\/de\/wp-json\/wp\/v2\/types\/page"}],"author":[{"embeddable":true,"href":"https:\/\/handy-games.com\/de\/wp-json\/wp\/v2\/users\/3"}],"replies":[{"embeddable":true,"href":"https:\/\/handy-games.com\/de\/wp-json\/wp\/v2\/comments?post=55362"}],"version-history":[{"count":23,"href":"https:\/\/handy-games.com\/de\/wp-json\/wp\/v2\/pages\/55362\/revisions"}],"predecessor-version":[{"id":59685,"href":"https:\/\/handy-games.com\/de\/wp-json\/wp\/v2\/pages\/55362\/revisions\/59685"}],"up":[{"embeddable":true,"href":"https:\/\/handy-games.com\/de\/wp-json\/wp\/v2\/pages\/57833"}],"wp:featuredmedia":[{"embeddable":true,"href":"https:\/\/handy-games.com\/de\/wp-json\/wp\/v2\/media\/58864"}],"wp:attachment":[{"href":"https:\/\/handy-games.com\/de\/wp-json\/wp\/v2\/media?parent=55362"}],"curies":[{"name":"wp","href":"https:\/\/api.w.org\/{rel}","templated":true}]}}