{"id":58723,"date":"2021-10-19T10:20:08","date_gmt":"2021-10-19T09:20:08","guid":{"rendered":"https:\/\/handy-games.com\/?page_id=58723"},"modified":"2022-03-16T15:35:13","modified_gmt":"2022-03-16T14:35:13","slug":"product-marketing-manager","status":"publish","type":"page","link":"https:\/\/handy-games.com\/de\/karriere\/product-marketing-manager\/","title":{"rendered":"Product Marketing Manager  (w\/m\/d)"},"content":{"rendered":"[vc_row type=&#8220;full_width_background&#8220; full_screen_row_position=&#8220;middle&#8220; column_margin=&#8220;default&#8220; column_direction=&#8220;default&#8220; column_direction_tablet=&#8220;default&#8220; column_direction_phone=&#8220;default&#8220; scene_position=&#8220;center&#8220; text_color=&#8220;light&#8220; text_align=&#8220;left&#8220; row_border_radius=&#8220;none&#8220; row_border_radius_applies=&#8220;bg&#8220; id=&#8220;#marketingmanager&#8220; row_name=&#8220;Product Marketing Manager&#8220; overlay_strength=&#8220;0.3&#8243; gradient_direction=&#8220;left_to_right&#8220; shape_divider_position=&#8220;bottom&#8220; bg_image_animation=&#8220;none&#8220; shape_type=&#8220;&#8220;][vc_column column_padding=&#8220;no-extra-padding&#8220; column_padding_tablet=&#8220;inherit&#8220; column_padding_phone=&#8220;inherit&#8220; column_padding_position=&#8220;all&#8220; background_color_opacity=&#8220;1&#8243; background_hover_color_opacity=&#8220;1&#8243; column_shadow=&#8220;none&#8220; column_border_radius=&#8220;none&#8220; column_link_target=&#8220;_self&#8220; gradient_direction=&#8220;left_to_right&#8220; overlay_strength=&#8220;0.3&#8243; width=&#8220;1\/1&#8243; tablet_width_inherit=&#8220;default&#8220; tablet_text_alignment=&#8220;default&#8220; phone_text_alignment=&#8220;default&#8220; column_border_width=&#8220;none&#8220; column_border_style=&#8220;solid&#8220; bg_image_animation=&#8220;none&#8220;]<style type=\"text\/css\">#nectar-slider-instance-1, #nectar-slider-instance-1 .swiper-container { min-height: 650px; } <\/style><div  data-transition=\"fade\" data-overall_style=\"classic\" data-flexible-height=\"true\" data-animate-in-effect=\"none\" data-fullscreen=\"true\" data-button-sizing=\"regular\" data-button-styling=\"btn_with_count\" data-autorotate=\"6000\" data-parallax=\"false\" data-parallax-disable-mobile=\"\" data-caption-trans=\"fade_in_from_bottom\" data-parallax-style=\"bg_only\" data-bg-animation=\"none\" data-full-width=\"true\" class=\"nectar-slider-wrap \" id=\"nectar-slider-instance-1\"><div class=\"swiper-container\"  data-tho=\"auto\" data-tco=\"auto\" data-pho=\"auto\" data-pco=\"auto\" data-loop=\"true\" data-height=\"650\" data-min-height=\"650\" data-arrows=\"false\" data-bullets=\"true\" data-bullet_style=\"see_through\" data-bullet_position=\"bottom\" data-desktop-swipe=\"true\" data-settings=\"\"> <div class=\"swiper-wrapper\"><div class=\"swiper-slide headingWithShadow\" data-desktop-content-width=\"auto\" data-tablet-content-width=\"auto\" data-bg-alignment=\"center\" data-color-scheme=\"light\" data-x-pos=\"left\" data-y-pos=\"middle\" ><div class=\"slide-bg-wrap\"><div class=\"image-bg\" style=\"background-image: url(https:\/\/handy-games.com\/wp-content\/uploads\/2019\/06\/Job-JrPRManager_2560x1440.jpg);\"> &nbsp; <\/div><\/div><div class=\"container\">\n\t\t\t\t\t\t<div class=\"content\"><h2 class=\"ns-heading-el\">Product Marketing Manager (w\/m\/d)<\/h2><div class=\"buttons\"><div class=\"button transparent_2\">\n\t\t\t\t\t\t\t\t\t\t <a class=\"primary-color\" href=\"https:\/\/www.handy-games.com\/de\/karriere\/product-marketing-manager\/#description\">Weiter lesen!<\/a>\n\t\t\t\t\t\t\t\t\t\t<\/div><\/div><\/div>\n\t\t\t\t\t\t\t\t<\/div><!--\/container--><a href=\"#\" class=\"slider-down-arrow\"><i class=\"icon-salient-down-arrow icon-default-style\"> <span class=\"ie-fix\"><\/span> <\/i><\/a><div class=\"video-texture active_texture\"> <span class=\"ie-fix\"><\/span> <\/div><\/div> <!--\/swiper-slide--><\/div><div class=\"nectar-slider-loading \"> <span class=\"loading-icon spin\">   <\/span> <\/div> <\/div> \n\t\t\t\t\t\n\t\t\t\t\t<\/div>[\/vc_column][\/vc_row][vc_row type=&#8220;full_width_background&#8220; full_screen_row_position=&#8220;middle&#8220; column_margin=&#8220;default&#8220; column_direction=&#8220;default&#8220; column_direction_tablet=&#8220;default&#8220; column_direction_phone=&#8220;default&#8220; scene_position=&#8220;center&#8220; text_color=&#8220;dark&#8220; text_align=&#8220;left&#8220; row_border_radius=&#8220;none&#8220; row_border_radius_applies=&#8220;bg&#8220; id=&#8220;description&#8220; row_name=&#8220;Job Description&#8220; overlay_strength=&#8220;0.3&#8243; gradient_direction=&#8220;left_to_right&#8220; shape_divider_position=&#8220;bottom&#8220; bg_image_animation=&#8220;none&#8220; shape_type=&#8220;&#8220;][vc_column column_padding=&#8220;no-extra-padding&#8220; column_padding_tablet=&#8220;inherit&#8220; column_padding_phone=&#8220;inherit&#8220; column_padding_position=&#8220;all&#8220; background_color_opacity=&#8220;1&#8243; background_hover_color_opacity=&#8220;1&#8243; column_shadow=&#8220;none&#8220; column_border_radius=&#8220;none&#8220; column_link_target=&#8220;_self&#8220; gradient_direction=&#8220;left_to_right&#8220; overlay_strength=&#8220;0.3&#8243; width=&#8220;1\/1&#8243; tablet_width_inherit=&#8220;default&#8220; tablet_text_alignment=&#8220;default&#8220; phone_text_alignment=&#8220;default&#8220; column_border_width=&#8220;none&#8220; column_border_style=&#8220;solid&#8220; bg_image_animation=&#8220;none&#8220;][divider line_type=&#8220;No Line&#8220; custom_height=&#8220;60&#8243;][vc_row_inner column_margin=&#8220;default&#8220; column_direction=&#8220;default&#8220; column_direction_tablet=&#8220;default&#8220; column_direction_phone=&#8220;default&#8220; text_align=&#8220;left&#8220;][vc_column_inner column_padding=&#8220;no-extra-padding&#8220; column_padding_tablet=&#8220;inherit&#8220; column_padding_phone=&#8220;inherit&#8220; column_padding_position=&#8220;all&#8220; background_color_opacity=&#8220;1&#8243; background_hover_color_opacity=&#8220;1&#8243; column_shadow=&#8220;none&#8220; column_border_radius=&#8220;none&#8220; column_link_target=&#8220;_self&#8220; gradient_direction=&#8220;left_to_right&#8220; overlay_strength=&#8220;0.3&#8243; width=&#8220;1\/1&#8243; tablet_width_inherit=&#8220;default&#8220; column_border_width=&#8220;none&#8220; column_border_style=&#8220;solid&#8220; bg_image_animation=&#8220;none&#8220;][vc_column_text]\n<h3 style=\"text-align: left;\">Product Marketing Manager (w\/m\/d)<\/h3>\n[\/vc_column_text][divider line_type=&#8220;No Line&#8220; custom_height=&#8220;10&#8243;]<div class=\"templatera_shortcode\">\n\t\t<div id=\"fws_69e138e3260f3\"  data-column-margin=\"default\" data-midnight=\"dark\"  class=\"wpb_row vc_row-fluid vc_row\"  style=\"padding-top: 0px; padding-bottom: 0px; \"><div class=\"row-bg-wrap\" data-bg-animation=\"none\" data-bg-animation-delay=\"\" data-bg-overlay=\"false\"><div class=\"inner-wrap row-bg-layer\" ><div class=\"row-bg viewport-desktop\"  style=\"\"><\/div><\/div><\/div><div class=\"row_col_wrap_12 col span_12 dark left\">\n\t<div  class=\"vc_col-sm-12 wpb_column column_container vc_column_container col no-extra-padding inherit_tablet inherit_phone \"  data-padding-pos=\"all\" data-has-bg-color=\"false\" data-bg-color=\"\" data-bg-opacity=\"1\" data-animation=\"\" data-delay=\"0\" >\n\t\t<div class=\"vc_column-inner\" >\n\t\t\t<div class=\"wpb_wrapper\">\n\t\t\t\t\n<div class=\"wpb_text_column wpb_content_element \" >\n\t<div class=\"wpb_wrapper\">\n\t\t<p>Du bist auf der Suche nach einer herausfordernden T\u00e4tigkeit in der Spielebranche in einem attraktiven Arbeitsumfeld? Du brennst darauf, einzigartige Indie-Games zu promoten, die von Menschen auf der ganzen Welt gespielt werden? Trage zur Erfolgsgeschichte von HandyGames\u2122 bei und ergreife die Chance, f\u00fcr einen der Top-Spieleentwickler und -publisher in Deutschland zu arbeiten! Wir suchen einen Product Marketing Manager (w\/m\/d) f\u00fcr unseren Hauptsitz in Giebelstadt.<\/p>\n\t<\/div>\n<\/div>\n\n\n\n\n\t\t\t<\/div> \n\t\t<\/div>\n\t<\/div> \n<\/div><\/div><\/div><div class=\"templatera_shortcode\">\n\t\t<div id=\"fws_69e138e326b90\"  data-column-margin=\"default\" data-midnight=\"dark\"  class=\"wpb_row vc_row-fluid vc_row\"  style=\"padding-top: 0px; padding-bottom: 0px; \"><div class=\"row-bg-wrap\" data-bg-animation=\"none\" data-bg-animation-delay=\"\" data-bg-overlay=\"false\"><div class=\"inner-wrap row-bg-layer\" ><div class=\"row-bg viewport-desktop\"  style=\"\"><\/div><\/div><\/div><div class=\"row_col_wrap_12 col span_12 dark left\">\n\t<div  class=\"vc_col-sm-12 wpb_column column_container vc_column_container col no-extra-padding inherit_tablet inherit_phone \"  data-padding-pos=\"all\" data-has-bg-color=\"false\" data-bg-color=\"\" data-bg-opacity=\"1\" data-animation=\"\" data-delay=\"0\" >\n\t\t<div class=\"vc_column-inner\" >\n\t\t\t<div class=\"wpb_wrapper\">\n\t\t\t\t<div class=\"iwithtext\"><div class=\"iwt-icon\"> <i class=\"icon-default-style fa fa-exclamation-triangle accent-color\"><\/i> <\/div><div class=\"iwt-text\"> Bitte sende uns keine komprimierten Dateien (ZIP\/RAR\/etc.), Word\/Excel Dokumente (doc, docx, xlsx) oder Links. Wir nehmen ausschlie\u00dflich PDF Dateien an! Vielen Dank.\r\n\r\n<span data-contrast=\"auto\">Wir verarbeiten personenbezogene Daten in \u00dcbereinstimmung mit unserer Datenschutzerkl\u00e4rung f\u00fcr Bewerber:innen.<\/span> <\/div><div class=\"clear\"><\/div><\/div>\n\t\t\t<\/div> \n\t\t<\/div>\n\t<\/div> \n<\/div><\/div><\/div>[vc_column_text]Bitte lies unsere <a href=\"https:\/\/handy-games.com\/de\/datenschutzbelehrung-bewerber\/\">DATENSCHUTZERKL\u00c4RUNG<\/a>[\/vc_column_text][divider line_type=&#8220;No Line&#8220; custom_height=&#8220;10&#8243;][nectar_btn size=&#8220;medium&#8220; button_style=&#8220;see-through-2&#8243; hover_text_color_override=&#8220;#ffffff&#8220; icon_family=&#8220;fontawesome&#8220; url=&#8220;mailto:jobs@handy-games.com?subject=Bewerbung als Product Marketing Manager&#8220; text=&#8220;Jetzt bewerben!&#8220; margin_right=&#8220;20&#8243; icon_fontawesome=&#8220;fa fa-arrow-right&#8220;][nectar_btn size=&#8220;medium&#8220; button_style=&#8220;see-through-2&#8243; hover_text_color_override=&#8220;#ffffff&#8220; icon_family=&#8220;fontawesome&#8220; text=&#8220;Zur\u00fcck zu allen Jobs&#8220; url=&#8220;\/de\/karriere#OpenPositions&#8220; icon_fontawesome=&#8220;fa fa-arrow-left&#8220;][\/vc_column_inner][\/vc_row_inner][vc_row_inner column_margin=&#8220;default&#8220; column_direction=&#8220;default&#8220; column_direction_tablet=&#8220;default&#8220; column_direction_phone=&#8220;default&#8220; text_align=&#8220;left&#8220;][vc_column_inner column_padding=&#8220;no-extra-padding&#8220; column_padding_tablet=&#8220;inherit&#8220; column_padding_phone=&#8220;inherit&#8220; column_padding_position=&#8220;right&#8220; background_color_opacity=&#8220;1&#8243; background_hover_color_opacity=&#8220;1&#8243; column_shadow=&#8220;none&#8220; column_border_radius=&#8220;none&#8220; column_link_target=&#8220;_self&#8220; gradient_direction=&#8220;left_to_right&#8220; overlay_strength=&#8220;0.3&#8243; width=&#8220;1\/3&#8243; tablet_width_inherit=&#8220;default&#8220; column_border_width=&#8220;none&#8220; column_border_style=&#8220;solid&#8220; bg_image_animation=&#8220;none&#8220;][vc_column_text]\n<h4><span style=\"color: #6f93b5;\">Stellenbeschreibungn<\/span><\/h4>\n[\/vc_column_text][divider line_type=&#8220;No Line&#8220; custom_height=&#8220;0&#8243;][vc_column_text]Du arbeitest eng mit unseren Teams in Marketing, Sales und Producing zusammen und definierst Zielgruppen und Marketingstrategien f\u00fcr unsere neuesten Spiele. Du planst, managst, \u00fcberwachst, optimierst und analysierst Marketing-Kampagnen und -Strategien, um den Erfolg unserer einzigartigen Indie-Games sicherzustellen.[\/vc_column_text][divider line_type=&#8220;No Line&#8220; custom_height=&#8220;20&#8243;]<div class=\"nectar-fancy-ul\" data-list-icon=\"fa fa-check\" data-animation=\"false\" data-animation-delay=\"0\" data-color=\"accent-color\" data-spacing=\"default\" data-alignment=\"left\"> \n<ul>\n<li>Definieren von Zielgruppen und Durchf\u00fchrung von Marktforschung<\/li>\n<li>Entwicklung von Strategien zur F\u00f6rderung unseres Spieleportfolios<\/li>\n<li>Organisation, Verwaltung, Umsetzung und Durchf\u00fchrung von UA- und Influencer-Kampagnen (auf Plattformen wie YouTube, TikTok, Instagram, Twitch, Google AdSense, Facebook und Apple Search Ads)<\/li>\n<li>Budgetplanung und Treffen von datengest\u00fctzten Entscheidungen zur Vermarktung unserer Spiele<\/li>\n<li>Analyse von Kampagnenergebnissen, um Verbesserungsm\u00f6glichkeiten zu identifizieren und L\u00f6sungen anzubieten<\/li>\n<li>Anpassung deines Ansatzes an neueste Spiele- und Branchentrend<\/li>\n<\/ul>\n <\/div>[\/vc_column_inner][vc_column_inner column_padding=&#8220;no-extra-padding&#8220; column_padding_tablet=&#8220;inherit&#8220; column_padding_phone=&#8220;inherit&#8220; column_padding_position=&#8220;left-right&#8220; background_color_opacity=&#8220;1&#8243; background_hover_color_opacity=&#8220;1&#8243; column_shadow=&#8220;none&#8220; column_border_radius=&#8220;none&#8220; column_link_target=&#8220;_self&#8220; gradient_direction=&#8220;left_to_right&#8220; overlay_strength=&#8220;0.3&#8243; width=&#8220;1\/3&#8243; tablet_width_inherit=&#8220;default&#8220; column_border_width=&#8220;none&#8220; column_border_style=&#8220;solid&#8220; bg_image_animation=&#8220;none&#8220;][vc_column_text]\n<h4><span style=\"color: #6f93b5;\">Dein Profil<\/span><\/h4>\n[\/vc_column_text][divider line_type=&#8220;No Line&#8220; custom_height=&#8220;0&#8243;]<div class=\"nectar-fancy-ul\" data-list-icon=\"fa fa-check\" data-animation=\"false\" data-animation-delay=\"0\" data-color=\"accent-color\" data-spacing=\"default\" data-alignment=\"left\"> \n<ul>\n<li>Games sind deine Leidenschaft<\/li>\n<li>Du verf\u00fcgst \u00fcber ausgezeichnete analytische F\u00e4higkeiten und Denkweise<\/li>\n<li>Du bist hochmotiviert, engagiert und zeigst eine gut strukturierte Arbeitsweise<\/li>\n<li>Du bist ein Teamplayer und anpassungsf\u00e4hig<\/li>\n<li>Du \u00fcberzeugst durch Eigenmotivation, Verantwortungsbewusstsein, eine saubere Arbeitsweise und den Wunsch, dich bei uns weiterzuentwickeln<\/li>\n<li>Du verf\u00fcgst \u00fcber sehr gute Englischkenntnisse in Wort und Schrift<\/li>\n<\/ul>\n <\/div>[divider line_type=&#8220;No Line&#8220; custom_height=&#8220;20&#8243;][\/vc_column_inner][vc_column_inner column_padding=&#8220;no-extra-padding&#8220; column_padding_tablet=&#8220;inherit&#8220; column_padding_phone=&#8220;inherit&#8220; column_padding_position=&#8220;left&#8220; background_color_opacity=&#8220;1&#8243; background_hover_color_opacity=&#8220;1&#8243; column_shadow=&#8220;none&#8220; column_border_radius=&#8220;none&#8220; column_link_target=&#8220;_self&#8220; gradient_direction=&#8220;left_to_right&#8220; overlay_strength=&#8220;0.3&#8243; width=&#8220;1\/3&#8243; tablet_width_inherit=&#8220;default&#8220; column_border_width=&#8220;none&#8220; column_border_style=&#8220;solid&#8220; bg_image_animation=&#8220;none&#8220;]<div class=\"templatera_shortcode\">\n\t\t<div id=\"fws_69e138e327613\"  data-column-margin=\"default\" data-midnight=\"dark\"  class=\"wpb_row vc_row-fluid vc_row\"  style=\"padding-top: 0px; padding-bottom: 0px; \"><div class=\"row-bg-wrap\" data-bg-animation=\"none\" data-bg-animation-delay=\"\" data-bg-overlay=\"false\"><div class=\"inner-wrap row-bg-layer\" ><div class=\"row-bg viewport-desktop\"  style=\"\"><\/div><\/div><\/div><div class=\"row_col_wrap_12 col span_12 dark left\">\n\t<div  class=\"vc_col-sm-12 wpb_column column_container vc_column_container col no-extra-padding inherit_tablet inherit_phone \"  data-padding-pos=\"all\" data-has-bg-color=\"false\" data-bg-color=\"\" data-bg-opacity=\"1\" data-animation=\"\" data-delay=\"0\" >\n\t\t<div class=\"vc_column-inner\" >\n\t\t\t<div class=\"wpb_wrapper\">\n\t\t\t\t\n<div class=\"wpb_text_column wpb_content_element \" >\n\t<div class=\"wpb_wrapper\">\n\t\t<h4><span style=\"color: #6f93b5;\">HandyGames\u2122 bietet dir<br \/>\n<\/span><\/h4>\n\t<\/div>\n<\/div>\n\n\n\n<div class=\"divider-wrap\" data-alignment=\"default\"><div  class=\"divider\"><\/div><\/div><div class=\"nectar-fancy-ul\" data-list-icon=\"fa fa-check\" data-animation=\"false\" data-animation-delay=\"0\" data-color=\"accent-color\" data-spacing=\"default\" data-alignment=\"left\"> \r\n<ul>\r\n \t<li>40-Stunden-Woche<\/li>\r\n \t<li>Flexible Arbeitszeiten und 30 Tage Urlaub<\/li>\r\n \t<li>Kurze, schnelle Entscheidungsprozesse dank flacher Hierarchien<\/li>\r\n \t<li>M\u00f6glichkeit, in einem Team mit erfahrenen Profis zu arbeiten<\/li>\r\n \t<li>Moderne Arbeitspl\u00e4tze ausgestattet mit der neusten Technologie<\/li>\r\n<\/ul>\r\n <\/div>\n<div class=\"wpb_text_column wpb_content_element \" >\n\t<div class=\"wpb_wrapper\">\n\t\t<h4><span style=\"color: #6f93b5;\">Angebote vor Ort<br \/>\n<\/span><\/h4>\n\t<\/div>\n<\/div>\n\n\n\n<div class=\"divider-wrap\" data-alignment=\"default\"><div  class=\"divider\"><\/div><\/div><div class=\"nectar-fancy-ul\" data-list-icon=\"fa fa-check\" data-animation=\"false\" data-animation-delay=\"0\" data-color=\"accent-color\" data-spacing=\"default\" data-alignment=\"left\"> \r\n<ul>\r\n \t<li>Team-Restaurant<\/li>\r\n \t<li>Hauseigenes Fitnessstudio<\/li>\r\n \t<li>Lades\u00e4ulen f\u00fcr Elektroautos<\/li>\r\n \t<li>Firmenapartment (auf Anfrage)<\/li>\r\n \t<li>Paketannahme-Service<\/li>\r\n<\/ul>\r\n <\/div>\n\t\t\t<\/div> \n\t\t<\/div>\n\t<\/div> \n<\/div><\/div><\/div>[\/vc_column_inner][\/vc_row_inner][\/vc_column][\/vc_row]\n","protected":false},"excerpt":{"rendered":"","protected":false},"author":3,"featured_media":58866,"parent":57833,"menu_order":0,"comment_status":"closed","ping_status":"closed","template":"","meta":[],"yoast_head":"<!-- This site is optimized with the Yoast SEO plugin v21.7 - https:\/\/yoast.com\/wordpress\/plugins\/seo\/ -->\n<title>Product Marketing Manager (w\/m\/d) | HandyGames\u2122<\/title>\n<meta name=\"description\" content=\"Du brennst darauf, einzigartige Indie-Games zu promoten? Wir suchen einen Product Marketing Manager f\u00fcr unseren Hauptsitz in Giebelstadt.\" \/>\n<meta name=\"robots\" content=\"index, follow, max-snippet:-1, max-image-preview:large, max-video-preview:-1\" \/>\n<link rel=\"canonical\" href=\"https:\/\/handy-games.com\/de\/karriere\/product-marketing-manager\/\" \/>\n<meta property=\"og:locale\" content=\"de_DE\" \/>\n<meta property=\"og:type\" content=\"article\" \/>\n<meta property=\"og:title\" content=\"Product Marketing Manager (w\/m\/d) | HandyGames\u2122\" \/>\n<meta property=\"og:description\" content=\"Du brennst darauf, einzigartige Indie-Games zu promoten? Wir suchen einen Product Marketing Manager f\u00fcr unseren Hauptsitz in Giebelstadt.\" \/>\n<meta property=\"og:url\" content=\"https:\/\/handy-games.com\/de\/karriere\/product-marketing-manager\/\" \/>\n<meta property=\"og:site_name\" content=\"HandyGames\u2122\" \/>\n<meta property=\"article:publisher\" content=\"https:\/\/www.facebook.com\/handygames\/\" \/>\n<meta property=\"article:modified_time\" content=\"2022-03-16T14:35:13+00:00\" \/>\n<meta property=\"og:image\" content=\"https:\/\/handy-games.com\/wp-content\/uploads\/2021\/10\/Featuredimage_Marketing.jpg\" \/>\n\t<meta property=\"og:image:width\" content=\"1920\" \/>\n\t<meta property=\"og:image:height\" content=\"1080\" \/>\n\t<meta property=\"og:image:type\" content=\"image\/jpeg\" \/>\n<meta name=\"twitter:card\" content=\"summary_large_image\" \/>\n<meta name=\"twitter:site\" content=\"@handy_games\" \/>\n<meta name=\"twitter:label1\" content=\"Gesch\u00e4tzte Lesezeit\" \/>\n\t<meta name=\"twitter:data1\" content=\"2\u00a0Minuten\" \/>\n<script type=\"application\/ld+json\" class=\"yoast-schema-graph\">{\"@context\":\"https:\/\/schema.org\",\"@graph\":[{\"@type\":\"WebPage\",\"@id\":\"https:\/\/handy-games.com\/de\/karriere\/product-marketing-manager\/\",\"url\":\"https:\/\/handy-games.com\/de\/karriere\/product-marketing-manager\/\",\"name\":\"Product Marketing Manager (w\/m\/d) | HandyGames\u2122\",\"isPartOf\":{\"@id\":\"https:\/\/remote.handy-games.com\/de\/#website\"},\"datePublished\":\"2021-10-19T09:20:08+00:00\",\"dateModified\":\"2022-03-16T14:35:13+00:00\",\"description\":\"Du brennst darauf, einzigartige Indie-Games zu promoten? Wir suchen einen Product Marketing Manager f\u00fcr unseren Hauptsitz in Giebelstadt.\",\"breadcrumb\":{\"@id\":\"https:\/\/handy-games.com\/de\/karriere\/product-marketing-manager\/#breadcrumb\"},\"inLanguage\":\"de\",\"potentialAction\":[{\"@type\":\"ReadAction\",\"target\":[\"https:\/\/handy-games.com\/de\/karriere\/product-marketing-manager\/\"]}]},{\"@type\":\"BreadcrumbList\",\"@id\":\"https:\/\/handy-games.com\/de\/karriere\/product-marketing-manager\/#breadcrumb\",\"itemListElement\":[{\"@type\":\"ListItem\",\"position\":1,\"name\":\"Home\",\"item\":\"https:\/\/remote.handy-games.com\/de\/\"},{\"@type\":\"ListItem\",\"position\":2,\"name\":\"Karriere\",\"item\":\"https:\/\/more.handy-games.com\/de\/karriere\/\"},{\"@type\":\"ListItem\",\"position\":3,\"name\":\"Product Marketing Manager (w\/m\/d)\"}]},{\"@type\":\"WebSite\",\"@id\":\"https:\/\/remote.handy-games.com\/de\/#website\",\"url\":\"https:\/\/remote.handy-games.com\/de\/\",\"name\":\"HandyGames\u2122\",\"description\":\"Free games for iPhone, iPad, Android, Windows Phone 8 and Oculus.\",\"publisher\":{\"@id\":\"https:\/\/remote.handy-games.com\/de\/#organization\"},\"potentialAction\":[{\"@type\":\"SearchAction\",\"target\":{\"@type\":\"EntryPoint\",\"urlTemplate\":\"https:\/\/remote.handy-games.com\/de\/?s={search_term_string}\"},\"query-input\":\"required name=search_term_string\"}],\"inLanguage\":\"de\"},{\"@type\":\"Organization\",\"@id\":\"https:\/\/remote.handy-games.com\/de\/#organization\",\"name\":\"HandyGames\u2122\",\"url\":\"https:\/\/remote.handy-games.com\/de\/\",\"logo\":{\"@type\":\"ImageObject\",\"inLanguage\":\"de\",\"@id\":\"https:\/\/remote.handy-games.com\/de\/#\/schema\/logo\/image\/\",\"url\":\"https:\/\/www.handy-games.com\/wp-content\/uploads\/2023\/05\/HandyGames-THQ_2022_RGB.png\",\"contentUrl\":\"https:\/\/www.handy-games.com\/wp-content\/uploads\/2023\/05\/HandyGames-THQ_2022_RGB.png\",\"width\":1800,\"height\":704,\"caption\":\"HandyGames\u2122\"},\"image\":{\"@id\":\"https:\/\/remote.handy-games.com\/de\/#\/schema\/logo\/image\/\"},\"sameAs\":[\"https:\/\/www.facebook.com\/handygames\/\",\"https:\/\/twitter.com\/handy_games\",\"https:\/\/www.instagram.com\/handygames\/\",\"https:\/\/www.youtube.com\/user\/HandyGamesGmbH\"]}]}<\/script>\n<!-- \/ Yoast SEO plugin. -->","yoast_head_json":{"title":"Product Marketing Manager (w\/m\/d) | HandyGames\u2122","description":"Du brennst darauf, einzigartige Indie-Games zu promoten? Wir suchen einen Product Marketing Manager f\u00fcr unseren Hauptsitz in Giebelstadt.","robots":{"index":"index","follow":"follow","max-snippet":"max-snippet:-1","max-image-preview":"max-image-preview:large","max-video-preview":"max-video-preview:-1"},"canonical":"https:\/\/handy-games.com\/de\/karriere\/product-marketing-manager\/","og_locale":"de_DE","og_type":"article","og_title":"Product Marketing Manager (w\/m\/d) | HandyGames\u2122","og_description":"Du brennst darauf, einzigartige Indie-Games zu promoten? Wir suchen einen Product Marketing Manager f\u00fcr unseren Hauptsitz in Giebelstadt.","og_url":"https:\/\/handy-games.com\/de\/karriere\/product-marketing-manager\/","og_site_name":"HandyGames\u2122","article_publisher":"https:\/\/www.facebook.com\/handygames\/","article_modified_time":"2022-03-16T14:35:13+00:00","og_image":[{"width":1920,"height":1080,"url":"https:\/\/handy-games.com\/wp-content\/uploads\/2021\/10\/Featuredimage_Marketing.jpg","type":"image\/jpeg"}],"twitter_card":"summary_large_image","twitter_site":"@handy_games","twitter_misc":{"Gesch\u00e4tzte Lesezeit":"2\u00a0Minuten"},"schema":{"@context":"https:\/\/schema.org","@graph":[{"@type":"WebPage","@id":"https:\/\/handy-games.com\/de\/karriere\/product-marketing-manager\/","url":"https:\/\/handy-games.com\/de\/karriere\/product-marketing-manager\/","name":"Product Marketing Manager (w\/m\/d) | HandyGames\u2122","isPartOf":{"@id":"https:\/\/remote.handy-games.com\/de\/#website"},"datePublished":"2021-10-19T09:20:08+00:00","dateModified":"2022-03-16T14:35:13+00:00","description":"Du brennst darauf, einzigartige Indie-Games zu promoten? Wir suchen einen Product Marketing Manager f\u00fcr unseren Hauptsitz in Giebelstadt.","breadcrumb":{"@id":"https:\/\/handy-games.com\/de\/karriere\/product-marketing-manager\/#breadcrumb"},"inLanguage":"de","potentialAction":[{"@type":"ReadAction","target":["https:\/\/handy-games.com\/de\/karriere\/product-marketing-manager\/"]}]},{"@type":"BreadcrumbList","@id":"https:\/\/handy-games.com\/de\/karriere\/product-marketing-manager\/#breadcrumb","itemListElement":[{"@type":"ListItem","position":1,"name":"Home","item":"https:\/\/remote.handy-games.com\/de\/"},{"@type":"ListItem","position":2,"name":"Karriere","item":"https:\/\/more.handy-games.com\/de\/karriere\/"},{"@type":"ListItem","position":3,"name":"Product Marketing Manager (w\/m\/d)"}]},{"@type":"WebSite","@id":"https:\/\/remote.handy-games.com\/de\/#website","url":"https:\/\/remote.handy-games.com\/de\/","name":"HandyGames\u2122","description":"Free games for iPhone, iPad, Android, Windows Phone 8 and Oculus.","publisher":{"@id":"https:\/\/remote.handy-games.com\/de\/#organization"},"potentialAction":[{"@type":"SearchAction","target":{"@type":"EntryPoint","urlTemplate":"https:\/\/remote.handy-games.com\/de\/?s={search_term_string}"},"query-input":"required name=search_term_string"}],"inLanguage":"de"},{"@type":"Organization","@id":"https:\/\/remote.handy-games.com\/de\/#organization","name":"HandyGames\u2122","url":"https:\/\/remote.handy-games.com\/de\/","logo":{"@type":"ImageObject","inLanguage":"de","@id":"https:\/\/remote.handy-games.com\/de\/#\/schema\/logo\/image\/","url":"https:\/\/www.handy-games.com\/wp-content\/uploads\/2023\/05\/HandyGames-THQ_2022_RGB.png","contentUrl":"https:\/\/www.handy-games.com\/wp-content\/uploads\/2023\/05\/HandyGames-THQ_2022_RGB.png","width":1800,"height":704,"caption":"HandyGames\u2122"},"image":{"@id":"https:\/\/remote.handy-games.com\/de\/#\/schema\/logo\/image\/"},"sameAs":["https:\/\/www.facebook.com\/handygames\/","https:\/\/twitter.com\/handy_games","https:\/\/www.instagram.com\/handygames\/","https:\/\/www.youtube.com\/user\/HandyGamesGmbH"]}]}},"_links":{"self":[{"href":"https:\/\/handy-games.com\/de\/wp-json\/wp\/v2\/pages\/58723"}],"collection":[{"href":"https:\/\/handy-games.com\/de\/wp-json\/wp\/v2\/pages"}],"about":[{"href":"https:\/\/handy-games.com\/de\/wp-json\/wp\/v2\/types\/page"}],"author":[{"embeddable":true,"href":"https:\/\/handy-games.com\/de\/wp-json\/wp\/v2\/users\/3"}],"replies":[{"embeddable":true,"href":"https:\/\/handy-games.com\/de\/wp-json\/wp\/v2\/comments?post=58723"}],"version-history":[{"count":13,"href":"https:\/\/handy-games.com\/de\/wp-json\/wp\/v2\/pages\/58723\/revisions"}],"predecessor-version":[{"id":59688,"href":"https:\/\/handy-games.com\/de\/wp-json\/wp\/v2\/pages\/58723\/revisions\/59688"}],"up":[{"embeddable":true,"href":"https:\/\/handy-games.com\/de\/wp-json\/wp\/v2\/pages\/57833"}],"wp:featuredmedia":[{"embeddable":true,"href":"https:\/\/handy-games.com\/de\/wp-json\/wp\/v2\/media\/58866"}],"wp:attachment":[{"href":"https:\/\/handy-games.com\/de\/wp-json\/wp\/v2\/media?parent=58723"}],"curies":[{"name":"wp","href":"https:\/\/api.w.org\/{rel}","templated":true}]}}