{"id":59827,"date":"2022-03-23T10:45:24","date_gmt":"2022-03-23T09:45:24","guid":{"rendered":"https:\/\/www.handy-games.com\/?page_id=59827"},"modified":"2023-05-15T07:38:59","modified_gmt":"2023-05-15T06:38:59","slug":"kuechenhilfe-w-m-d","status":"publish","type":"page","link":"https:\/\/handy-games.com\/de\/karriere\/kuechenhilfe-w-m-d\/","title":{"rendered":"K\u00fcchenhilfe (w\/m\/d) f\u00fcr unser Team-Restaurant"},"content":{"rendered":"[vc_row type=&#8220;full_width_background&#8220; full_screen_row_position=&#8220;middle&#8220; column_margin=&#8220;default&#8220; column_direction=&#8220;default&#8220; column_direction_tablet=&#8220;default&#8220; column_direction_phone=&#8220;default&#8220; scene_position=&#8220;center&#8220; text_color=&#8220;light&#8220; text_align=&#8220;left&#8220; row_border_radius=&#8220;none&#8220; row_border_radius_applies=&#8220;bg&#8220; id=&#8220;#kuechenleitung&#8220; row_name=&#8220;K\u00fcchenleitung&#8220; overlay_strength=&#8220;0.3&#8243; gradient_direction=&#8220;left_to_right&#8220; shape_divider_position=&#8220;bottom&#8220; bg_image_animation=&#8220;none&#8220; shape_type=&#8220;&#8220;][vc_column column_padding=&#8220;no-extra-padding&#8220; column_padding_tablet=&#8220;inherit&#8220; column_padding_phone=&#8220;inherit&#8220; column_padding_position=&#8220;all&#8220; background_color_opacity=&#8220;1&#8243; background_hover_color_opacity=&#8220;1&#8243; column_shadow=&#8220;none&#8220; column_border_radius=&#8220;none&#8220; column_link_target=&#8220;_self&#8220; gradient_direction=&#8220;left_to_right&#8220; overlay_strength=&#8220;0.3&#8243; width=&#8220;1\/1&#8243; tablet_width_inherit=&#8220;default&#8220; tablet_text_alignment=&#8220;default&#8220; phone_text_alignment=&#8220;default&#8220; column_border_width=&#8220;none&#8220; column_border_style=&#8220;solid&#8220; bg_image_animation=&#8220;none&#8220;]<style type=\"text\/css\">#nectar-slider-instance-1, #nectar-slider-instance-1 .swiper-container { min-height: 650px; } <\/style><div  data-transition=\"fade\" data-overall_style=\"classic\" data-flexible-height=\"true\" data-animate-in-effect=\"none\" data-fullscreen=\"true\" data-button-sizing=\"regular\" data-button-styling=\"btn_with_count\" data-autorotate=\"6000\" data-parallax=\"false\" data-parallax-disable-mobile=\"\" data-caption-trans=\"fade_in_from_bottom\" data-parallax-style=\"bg_only\" data-bg-animation=\"none\" data-full-width=\"true\" class=\"nectar-slider-wrap \" id=\"nectar-slider-instance-1\"><div class=\"swiper-container\"  data-tho=\"auto\" data-tco=\"auto\" data-pho=\"auto\" data-pco=\"auto\" data-loop=\"true\" data-height=\"650\" data-min-height=\"650\" data-arrows=\"false\" data-bullets=\"true\" data-bullet_style=\"see_through\" data-bullet_position=\"bottom\" data-desktop-swipe=\"true\" data-settings=\"\"> <div class=\"swiper-wrapper\"><div class=\"swiper-slide headingWithShadow\" data-desktop-content-width=\"auto\" data-tablet-content-width=\"auto\" data-bg-alignment=\"center\" data-color-scheme=\"light\" data-x-pos=\"left\" data-y-pos=\"middle\" ><div class=\"slide-bg-wrap\"><div class=\"image-bg\" style=\"background-image: url(https:\/\/handy-games.com\/wp-content\/uploads\/2022\/03\/Jobs_Kitchen_Help_2560x1440_min.jpg);\"> &nbsp; <\/div><\/div><div class=\"container\">\n\t\t\t\t\t\t<div class=\"content\"><h2 class=\"ns-heading-el\">K\u00fcchenhilfe (w\/m\/d) Team-Restaurant<\/h2><div class=\"buttons\"><div class=\"button transparent_2\">\n\t\t\t\t\t\t\t\t\t\t <a class=\"primary-color\" href=\"#description\">Weiter lesen!<\/a>\n\t\t\t\t\t\t\t\t\t\t<\/div><\/div><\/div>\n\t\t\t\t\t\t\t\t<\/div><!--\/container--><div class=\"video-texture \"> <span class=\"ie-fix\"><\/span> <\/div><\/div> <!--\/swiper-slide--><\/div><div class=\"nectar-slider-loading \"> <span class=\"loading-icon spin\">   <\/span> <\/div> <\/div> \n\t\t\t\t\t\n\t\t\t\t\t<\/div>[\/vc_column][\/vc_row][vc_row type=&#8220;full_width_background&#8220; full_screen_row_position=&#8220;middle&#8220; column_margin=&#8220;default&#8220; column_direction=&#8220;default&#8220; column_direction_tablet=&#8220;default&#8220; column_direction_phone=&#8220;default&#8220; scene_position=&#8220;center&#8220; text_color=&#8220;dark&#8220; text_align=&#8220;left&#8220; row_border_radius=&#8220;none&#8220; row_border_radius_applies=&#8220;bg&#8220; id=&#8220;description&#8220; row_name=&#8220;Stellenbeschreibung&#8220; overlay_strength=&#8220;0.3&#8243; gradient_direction=&#8220;left_to_right&#8220; shape_divider_position=&#8220;bottom&#8220; bg_image_animation=&#8220;none&#8220; shape_type=&#8220;&#8220;][vc_column column_padding=&#8220;no-extra-padding&#8220; column_padding_tablet=&#8220;inherit&#8220; column_padding_phone=&#8220;inherit&#8220; column_padding_position=&#8220;all&#8220; background_color_opacity=&#8220;1&#8243; background_hover_color_opacity=&#8220;1&#8243; column_shadow=&#8220;none&#8220; column_border_radius=&#8220;none&#8220; column_link_target=&#8220;_self&#8220; gradient_direction=&#8220;left_to_right&#8220; overlay_strength=&#8220;0.3&#8243; width=&#8220;1\/1&#8243; tablet_width_inherit=&#8220;default&#8220; tablet_text_alignment=&#8220;default&#8220; phone_text_alignment=&#8220;default&#8220; column_border_width=&#8220;none&#8220; column_border_style=&#8220;solid&#8220; bg_image_animation=&#8220;none&#8220;][divider line_type=&#8220;No Line&#8220; custom_height=&#8220;60&#8243;][vc_row_inner column_margin=&#8220;default&#8220; column_direction=&#8220;default&#8220; column_direction_tablet=&#8220;default&#8220; column_direction_phone=&#8220;default&#8220; text_align=&#8220;left&#8220;][vc_column_inner column_padding=&#8220;no-extra-padding&#8220; column_padding_tablet=&#8220;inherit&#8220; column_padding_phone=&#8220;inherit&#8220; column_padding_position=&#8220;all&#8220; background_color_opacity=&#8220;1&#8243; background_hover_color_opacity=&#8220;1&#8243; column_shadow=&#8220;none&#8220; column_border_radius=&#8220;none&#8220; column_link_target=&#8220;_self&#8220; gradient_direction=&#8220;left_to_right&#8220; overlay_strength=&#8220;0.3&#8243; width=&#8220;1\/1&#8243; tablet_width_inherit=&#8220;default&#8220; column_border_width=&#8220;none&#8220; column_border_style=&#8220;solid&#8220; bg_image_animation=&#8220;none&#8220;][vc_column_text]\n<h3 style=\"text-align: left;\">K\u00fcchenhilfe (w\/m\/d) f\u00fcr unser Team-Restaurant<\/h3>\n[\/vc_column_text][divider line_type=&#8220;No Line&#8220; custom_height=&#8220;10&#8243;][vc_column_text css=&#8220;.vc_custom_1684132737598{margin-bottom: 20px !important;}&#8220;]Du suchst nach einer neuen Herausforderung in der Gastronomie? Dann suchen wir dich als <strong>K\u00fcchenhilfe (w\/m\/d) in Teilzeit<\/strong> f\u00fcr unsere brandneue Team-Gastronomie an unserem Hauptsitz in Giebelstadt. Trage zum Erfolg von HandyGames\u2122 bei und nutze die Chance, um f\u00fcr einen der erfolgreichsten deutschen Spieleentwickler und Publisher zu arbeiten.[\/vc_column_text]<div class=\"iwithtext\"><div class=\"iwt-icon\"> <i class=\"icon-default-style fa fa-exclamation-triangle accent-color\"><\/i> <\/div><div class=\"iwt-text\"> Bitte sende uns keine komprimierten Daten (ZIP\/RAR\/etc.) oder Links. Wir nehmen ausschlie\u00dflich PDF-Dateien an. Vielen Dank. <\/div><div class=\"clear\"><\/div><\/div>[vc_column_text]Bitte lies unsere <a href=\"https:\/\/handy-games.com\/de\/datenschutzbelehrung-bewerber\/\">DATENSCHUTZERKL\u00c4RUNG<\/a>[\/vc_column_text][divider line_type=&#8220;No Line&#8220; custom_height=&#8220;10&#8243;][nectar_btn size=&#8220;medium&#8220; button_style=&#8220;see-through-2&#8243; hover_text_color_override=&#8220;#ffffff&#8220; icon_family=&#8220;fontawesome&#8220; url=&#8220;mailto:jobs@handy-games.com?subject=Bewerbung als K\u00fcchenhilfe (w\/m\/d) f\u00fcr unser Team-Restaurant&#8220; text=&#8220;Jetzt bewerben!&#8220; margin_right=&#8220;20&#8243; icon_fontawesome=&#8220;fa fa-arrow-right&#8220;][nectar_btn size=&#8220;medium&#8220; button_style=&#8220;see-through-2&#8243; hover_text_color_override=&#8220;#ffffff&#8220; icon_family=&#8220;fontawesome&#8220; text=&#8220;Zur\u00fcck zu allen Jobs&#8220; url=&#8220;\/de\/karriere#OpenPositions&#8220; icon_fontawesome=&#8220;fa fa-arrow-left&#8220;][\/vc_column_inner][\/vc_row_inner][vc_row_inner column_margin=&#8220;default&#8220; column_direction=&#8220;default&#8220; column_direction_tablet=&#8220;default&#8220; column_direction_phone=&#8220;default&#8220; text_align=&#8220;left&#8220;][vc_column_inner column_padding=&#8220;no-extra-padding&#8220; column_padding_tablet=&#8220;inherit&#8220; column_padding_phone=&#8220;inherit&#8220; column_padding_position=&#8220;right&#8220; background_color_opacity=&#8220;1&#8243; background_hover_color_opacity=&#8220;1&#8243; column_shadow=&#8220;none&#8220; column_border_radius=&#8220;none&#8220; column_link_target=&#8220;_self&#8220; gradient_direction=&#8220;left_to_right&#8220; overlay_strength=&#8220;0.3&#8243; width=&#8220;1\/3&#8243; tablet_width_inherit=&#8220;default&#8220; column_border_width=&#8220;none&#8220; column_border_style=&#8220;solid&#8220; bg_image_animation=&#8220;none&#8220;][vc_column_text]\n<h4 class=\"sectional-content-heading alt\"><span style=\"color: #6f93b5;\">Stellenbeschreibung<\/span><\/h4>\n[\/vc_column_text][divider line_type=&#8220;No Line&#8220; custom_height=&#8220;0&#8243;][vc_column_text]Gerade hat unsere brandneue Team-Gastronomie am Standort Giebelstadt er\u00f6ffnet und du bist vom ersten Moment an mit dabei!<\/p>\n<p>Statt Kantinenflair schaffen wir gemeinsam einen Treffpunkt, an dem Team-Essen zum Erlebnis wird.<br \/>\nDu sorgst f\u00fcr Ordnung und in der K\u00fcche daf\u00fcr, dass es stets genug sauberes Geschirr gibt, um neue spannende Gerichte darauf anzurichten.<\/p>\n<p>Du achtest darauf, dass der G\u00e4stebereich mit Tischen und Buffet stets aufger\u00e4umt und einladend aussehen.<\/p>\n<p>Du stellt sicher, dass im Lager &amp; K\u00fchlhaus alles am richtigen Platz und sicher verstaut ist \u2013 so wie beim richtigen Tetris.<\/p>\n<p>Au\u00dferdem unterst\u00fctzt du bei der Vor- und Zubereitung der t\u00e4glichen Gerichte und lernst dabei viele neue K\u00fcchen-Skills.<\/p>\n<p>Davon, dass die Gerichte gut beim Team ankommen, kannst du dich t\u00e4glich pers\u00f6nlich \u00fcberzeugen, denn jeder Teller unseres Team Lunchs wird pers\u00f6nlich an der Front Cooking-Station \u00fcberreicht.<br \/>\nWir freuen uns darauf, gemeinsam mit dir neue Ma\u00dfst\u00e4be in der Betriebsgastronomie zu setzen![\/vc_column_text][divider line_type=&#8220;No Line&#8220; custom_height=&#8220;20&#8243;][\/vc_column_inner][vc_column_inner column_padding=&#8220;no-extra-padding&#8220; column_padding_tablet=&#8220;inherit&#8220; column_padding_phone=&#8220;inherit&#8220; column_padding_position=&#8220;left-right&#8220; background_color_opacity=&#8220;1&#8243; background_hover_color_opacity=&#8220;1&#8243; column_shadow=&#8220;none&#8220; column_border_radius=&#8220;none&#8220; column_link_target=&#8220;_self&#8220; gradient_direction=&#8220;left_to_right&#8220; overlay_strength=&#8220;0.3&#8243; width=&#8220;1\/3&#8243; tablet_width_inherit=&#8220;default&#8220; column_border_width=&#8220;none&#8220; column_border_style=&#8220;solid&#8220; bg_image_animation=&#8220;none&#8220;][vc_column_text]\n<h4><span style=\"color: #6f93b5;\">Dein Profil<br \/>\n<\/span><\/h4>\n[\/vc_column_text][divider line_type=&#8220;No Line&#8220; custom_height=&#8220;0&#8243;]<div class=\"nectar-fancy-ul\" data-list-icon=\"fa fa-check\" data-animation=\"false\" data-animation-delay=\"0\" data-color=\"accent-color\" data-spacing=\"default\" data-alignment=\"left\"> \n<ul>\n<li>Ordnungsliebe &amp; Bereitschaft, die \u00c4rmel hochzukrempeln<\/li>\n<li>Du hast Lust darauf, auch bei der Speisenzubereitung mitanzupacken und deine K\u00fcchen-Skills auszubauen<\/li>\n<li>Dabei achtest du immer auf die Hygiene und sauberes Arbeiten<\/li>\n<li>Man kennt dich als Organisationstalent und Teamplayer<\/li>\n<li>Erste Erfahrung in der Betriebsgastronomie w\u00fcnschenswert<\/li>\n<\/ul>\n <\/div>[divider line_type=&#8220;No Line&#8220; custom_height=&#8220;20&#8243;][\/vc_column_inner][vc_column_inner column_padding=&#8220;no-extra-padding&#8220; column_padding_tablet=&#8220;inherit&#8220; column_padding_phone=&#8220;inherit&#8220; column_padding_position=&#8220;left&#8220; background_color_opacity=&#8220;1&#8243; background_hover_color_opacity=&#8220;1&#8243; column_shadow=&#8220;none&#8220; column_border_radius=&#8220;none&#8220; column_link_target=&#8220;_self&#8220; gradient_direction=&#8220;left_to_right&#8220; overlay_strength=&#8220;0.3&#8243; width=&#8220;1\/3&#8243; tablet_width_inherit=&#8220;default&#8220; column_border_width=&#8220;none&#8220; column_border_style=&#8220;solid&#8220; bg_image_animation=&#8220;none&#8220;][vc_column_text]\n<h4><span style=\"color: #6f93b5;\">HandyGames\u2122 bietet dir<\/span><\/h4>\n[\/vc_column_text][divider line_type=&#8220;No Line&#8220; custom_height=&#8220;0&#8243;]<div class=\"nectar-fancy-ul\" data-list-icon=\"fa fa-check\" data-animation=\"false\" data-animation-delay=\"0\" data-color=\"accent-color\" data-spacing=\"default\" data-alignment=\"left\"> \n<ul>\n<li>Planbare Arbeitszeiten (5-Tage-Woche, Montag bis Freitag, Wochenende frei)<\/li>\n<li>30 Tage bezahlter Urlaub<\/li>\n<li>Ein Team, das f\u00fcr das gleiche brennt wie du: Einfach richtig gut kochen!<\/li>\n<li>Arbeiten in einer brandneuen, bestens ausgestatteten K\u00fcche<\/li>\n<li>Raum, um deine eigenen Ideen mit einzubringen<\/li>\n<li>Sympathische Kolleg:innen<\/li>\n<li>Hauseigenes Fitnessstudio<\/li>\n<li>Lades\u00e4ulen f\u00fcr E-Autos<\/li>\n<li>Kostenlose Getr\u00e4nke, Snacks und Obst<\/li>\n<li>\u2026 UND NOCH VIEL MEHR!<\/li>\n<\/ul>\n <\/div>[\/vc_column_inner][\/vc_row_inner][\/vc_column][\/vc_row]\n","protected":false},"excerpt":{"rendered":"<p>[vc_row type=&#8220;full_width_background&#8220; full_screen_row_position=&#8220;middle&#8220; column_margin=&#8220;default&#8220; column_direction=&#8220;default&#8220; column_direction_tablet=&#8220;default&#8220; column_direction_phone=&#8220;default&#8220; scene_position=&#8220;center&#8220; text_color=&#8220;light&#8220; text_align=&#8220;left&#8220; row_border_radius=&#8220;none&#8220; row_border_radius_applies=&#8220;bg&#8220; id=&#8220;#kuechenleitung&#8220; row_name=&#8220;K\u00fcchenleitung&#8220; overlay_strength=&#8220;0.3&#8243; gradient_direction=&#8220;left_to_right&#8220; shape_divider_position=&#8220;bottom&#8220; bg_image_animation=&#8220;none&#8220; shape_type=&#8220;&#8220;][vc_column column_padding=&#8220;no-extra-padding&#8220; column_padding_tablet=&#8220;inherit&#8220; column_padding_phone=&#8220;inherit&#8220; column_padding_position=&#8220;all&#8220; background_color_opacity=&#8220;1&#8243; background_hover_color_opacity=&#8220;1&#8243; column_shadow=&#8220;none&#8220; column_border_radius=&#8220;none&#8220; column_link_target=&#8220;_self&#8220; gradient_direction=&#8220;left_to_right&#8220; overlay_strength=&#8220;0.3&#8243; width=&#8220;1\/1&#8243; tablet_width_inherit=&#8220;default&#8220; tablet_text_alignment=&#8220;default&#8220; phone_text_alignment=&#8220;default&#8220; column_border_width=&#8220;none&#8220; column_border_style=&#8220;solid&#8220; bg_image_animation=&#8220;none&#8220;][\/vc_column][\/vc_row][vc_row type=&#8220;full_width_background&#8220; full_screen_row_position=&#8220;middle&#8220; column_margin=&#8220;default&#8220; column_direction=&#8220;default&#8220; column_direction_tablet=&#8220;default&#8220; column_direction_phone=&#8220;default&#8220; scene_position=&#8220;center&#8220; text_color=&#8220;dark&#8220; text_align=&#8220;left&#8220; row_border_radius=&#8220;none&#8220; row_border_radius_applies=&#8220;bg&#8220; id=&#8220;description&#8220; row_name=&#8220;Stellenbeschreibung&#8220;&#8230;<\/p>\n","protected":false},"author":22,"featured_media":59907,"parent":57833,"menu_order":0,"comment_status":"closed","ping_status":"closed","template":"","meta":[],"yoast_head":"<!-- This site is optimized with the Yoast SEO plugin v21.7 - https:\/\/yoast.com\/wordpress\/plugins\/seo\/ -->\n<title>K\u00fcchenhilfe (w\/m\/d) f\u00fcr unser Team-Restaurant | HandyGames\u2122<\/title>\n<meta name=\"description\" content=\"Wir suchen f\u00fcr unseren Hauptsitz in Giebelstadt eine K\u00fcchenhilfe (w\/m\/d) f\u00fcr unsere Teamk\u00fcche in Vollzeit.\" \/>\n<meta name=\"robots\" content=\"index, follow, max-snippet:-1, max-image-preview:large, max-video-preview:-1\" \/>\n<link rel=\"canonical\" href=\"https:\/\/handy-games.com\/de\/karriere\/kuechenhilfe-w-m-d\/\" \/>\n<meta property=\"og:locale\" content=\"de_DE\" \/>\n<meta property=\"og:type\" content=\"article\" \/>\n<meta property=\"og:title\" content=\"K\u00fcchenhilfe (w\/m\/d) f\u00fcr unser Team-Restaurant | HandyGames\u2122\" \/>\n<meta property=\"og:description\" content=\"Wir suchen f\u00fcr unseren Hauptsitz in Giebelstadt eine K\u00fcchenhilfe (w\/m\/d) f\u00fcr unsere Teamk\u00fcche in Vollzeit.\" \/>\n<meta property=\"og:url\" content=\"https:\/\/handy-games.com\/de\/karriere\/kuechenhilfe-w-m-d\/\" \/>\n<meta property=\"og:site_name\" content=\"HandyGames\u2122\" \/>\n<meta property=\"article:publisher\" content=\"https:\/\/www.facebook.com\/handygames\/\" \/>\n<meta property=\"article:modified_time\" content=\"2023-05-15T06:38:59+00:00\" \/>\n<meta property=\"og:image\" content=\"https:\/\/www.playing-mobile.de\/wp-content\/uploads\/2022\/03\/Featuredimage_Kuechenhilfe.jpg\" \/>\n\t<meta property=\"og:image:width\" content=\"1920\" \/>\n\t<meta property=\"og:image:height\" content=\"1080\" \/>\n\t<meta property=\"og:image:type\" content=\"image\/jpeg\" \/>\n<meta name=\"twitter:card\" content=\"summary_large_image\" \/>\n<meta name=\"twitter:site\" content=\"@handy_games\" \/>\n<meta name=\"twitter:label1\" content=\"Gesch\u00e4tzte Lesezeit\" \/>\n\t<meta name=\"twitter:data1\" content=\"3\u00a0Minuten\" \/>\n<script type=\"application\/ld+json\" class=\"yoast-schema-graph\">{\"@context\":\"https:\/\/schema.org\",\"@graph\":[{\"@type\":\"WebPage\",\"@id\":\"https:\/\/handy-games.com\/de\/karriere\/kuechenhilfe-w-m-d\/\",\"url\":\"https:\/\/handy-games.com\/de\/karriere\/kuechenhilfe-w-m-d\/\",\"name\":\"K\u00fcchenhilfe (w\/m\/d) f\u00fcr unser Team-Restaurant | HandyGames\u2122\",\"isPartOf\":{\"@id\":\"https:\/\/remote.handy-games.com\/de\/#website\"},\"datePublished\":\"2022-03-23T09:45:24+00:00\",\"dateModified\":\"2023-05-15T06:38:59+00:00\",\"description\":\"Wir suchen f\u00fcr unseren Hauptsitz in Giebelstadt eine K\u00fcchenhilfe (w\/m\/d) f\u00fcr unsere Teamk\u00fcche in Vollzeit.\",\"breadcrumb\":{\"@id\":\"https:\/\/handy-games.com\/de\/karriere\/kuechenhilfe-w-m-d\/#breadcrumb\"},\"inLanguage\":\"de\",\"potentialAction\":[{\"@type\":\"ReadAction\",\"target\":[\"https:\/\/handy-games.com\/de\/karriere\/kuechenhilfe-w-m-d\/\"]}]},{\"@type\":\"BreadcrumbList\",\"@id\":\"https:\/\/handy-games.com\/de\/karriere\/kuechenhilfe-w-m-d\/#breadcrumb\",\"itemListElement\":[{\"@type\":\"ListItem\",\"position\":1,\"name\":\"Home\",\"item\":\"https:\/\/remote.handy-games.com\/de\/\"},{\"@type\":\"ListItem\",\"position\":2,\"name\":\"Karriere\",\"item\":\"https:\/\/more.handy-games.com\/de\/karriere\/\"},{\"@type\":\"ListItem\",\"position\":3,\"name\":\"K\u00fcchenhilfe (w\/m\/d) f\u00fcr unser Team-Restaurant\"}]},{\"@type\":\"WebSite\",\"@id\":\"https:\/\/remote.handy-games.com\/de\/#website\",\"url\":\"https:\/\/remote.handy-games.com\/de\/\",\"name\":\"HandyGames\u2122\",\"description\":\"Free games for iPhone, iPad, Android, Windows Phone 8 and Oculus.\",\"publisher\":{\"@id\":\"https:\/\/remote.handy-games.com\/de\/#organization\"},\"potentialAction\":[{\"@type\":\"SearchAction\",\"target\":{\"@type\":\"EntryPoint\",\"urlTemplate\":\"https:\/\/remote.handy-games.com\/de\/?s={search_term_string}\"},\"query-input\":\"required name=search_term_string\"}],\"inLanguage\":\"de\"},{\"@type\":\"Organization\",\"@id\":\"https:\/\/remote.handy-games.com\/de\/#organization\",\"name\":\"HandyGames\u2122\",\"url\":\"https:\/\/remote.handy-games.com\/de\/\",\"logo\":{\"@type\":\"ImageObject\",\"inLanguage\":\"de\",\"@id\":\"https:\/\/remote.handy-games.com\/de\/#\/schema\/logo\/image\/\",\"url\":\"https:\/\/www.handy-games.com\/wp-content\/uploads\/2023\/05\/HandyGames-THQ_2022_RGB.png\",\"contentUrl\":\"https:\/\/www.handy-games.com\/wp-content\/uploads\/2023\/05\/HandyGames-THQ_2022_RGB.png\",\"width\":1800,\"height\":704,\"caption\":\"HandyGames\u2122\"},\"image\":{\"@id\":\"https:\/\/remote.handy-games.com\/de\/#\/schema\/logo\/image\/\"},\"sameAs\":[\"https:\/\/www.facebook.com\/handygames\/\",\"https:\/\/twitter.com\/handy_games\",\"https:\/\/www.instagram.com\/handygames\/\",\"https:\/\/www.youtube.com\/user\/HandyGamesGmbH\"]}]}<\/script>\n<!-- \/ Yoast SEO plugin. -->","yoast_head_json":{"title":"K\u00fcchenhilfe (w\/m\/d) f\u00fcr unser Team-Restaurant | HandyGames\u2122","description":"Wir suchen f\u00fcr unseren Hauptsitz in Giebelstadt eine K\u00fcchenhilfe (w\/m\/d) f\u00fcr unsere Teamk\u00fcche in Vollzeit.","robots":{"index":"index","follow":"follow","max-snippet":"max-snippet:-1","max-image-preview":"max-image-preview:large","max-video-preview":"max-video-preview:-1"},"canonical":"https:\/\/handy-games.com\/de\/karriere\/kuechenhilfe-w-m-d\/","og_locale":"de_DE","og_type":"article","og_title":"K\u00fcchenhilfe (w\/m\/d) f\u00fcr unser Team-Restaurant | HandyGames\u2122","og_description":"Wir suchen f\u00fcr unseren Hauptsitz in Giebelstadt eine K\u00fcchenhilfe (w\/m\/d) f\u00fcr unsere Teamk\u00fcche in Vollzeit.","og_url":"https:\/\/handy-games.com\/de\/karriere\/kuechenhilfe-w-m-d\/","og_site_name":"HandyGames\u2122","article_publisher":"https:\/\/www.facebook.com\/handygames\/","article_modified_time":"2023-05-15T06:38:59+00:00","og_image":[{"width":1920,"height":1080,"url":"https:\/\/www.playing-mobile.de\/wp-content\/uploads\/2022\/03\/Featuredimage_Kuechenhilfe.jpg","type":"image\/jpeg"}],"twitter_card":"summary_large_image","twitter_site":"@handy_games","twitter_misc":{"Gesch\u00e4tzte Lesezeit":"3\u00a0Minuten"},"schema":{"@context":"https:\/\/schema.org","@graph":[{"@type":"WebPage","@id":"https:\/\/handy-games.com\/de\/karriere\/kuechenhilfe-w-m-d\/","url":"https:\/\/handy-games.com\/de\/karriere\/kuechenhilfe-w-m-d\/","name":"K\u00fcchenhilfe (w\/m\/d) f\u00fcr unser Team-Restaurant | HandyGames\u2122","isPartOf":{"@id":"https:\/\/remote.handy-games.com\/de\/#website"},"datePublished":"2022-03-23T09:45:24+00:00","dateModified":"2023-05-15T06:38:59+00:00","description":"Wir suchen f\u00fcr unseren Hauptsitz in Giebelstadt eine K\u00fcchenhilfe (w\/m\/d) f\u00fcr unsere Teamk\u00fcche in Vollzeit.","breadcrumb":{"@id":"https:\/\/handy-games.com\/de\/karriere\/kuechenhilfe-w-m-d\/#breadcrumb"},"inLanguage":"de","potentialAction":[{"@type":"ReadAction","target":["https:\/\/handy-games.com\/de\/karriere\/kuechenhilfe-w-m-d\/"]}]},{"@type":"BreadcrumbList","@id":"https:\/\/handy-games.com\/de\/karriere\/kuechenhilfe-w-m-d\/#breadcrumb","itemListElement":[{"@type":"ListItem","position":1,"name":"Home","item":"https:\/\/remote.handy-games.com\/de\/"},{"@type":"ListItem","position":2,"name":"Karriere","item":"https:\/\/more.handy-games.com\/de\/karriere\/"},{"@type":"ListItem","position":3,"name":"K\u00fcchenhilfe (w\/m\/d) f\u00fcr unser Team-Restaurant"}]},{"@type":"WebSite","@id":"https:\/\/remote.handy-games.com\/de\/#website","url":"https:\/\/remote.handy-games.com\/de\/","name":"HandyGames\u2122","description":"Free games for iPhone, iPad, Android, Windows Phone 8 and Oculus.","publisher":{"@id":"https:\/\/remote.handy-games.com\/de\/#organization"},"potentialAction":[{"@type":"SearchAction","target":{"@type":"EntryPoint","urlTemplate":"https:\/\/remote.handy-games.com\/de\/?s={search_term_string}"},"query-input":"required name=search_term_string"}],"inLanguage":"de"},{"@type":"Organization","@id":"https:\/\/remote.handy-games.com\/de\/#organization","name":"HandyGames\u2122","url":"https:\/\/remote.handy-games.com\/de\/","logo":{"@type":"ImageObject","inLanguage":"de","@id":"https:\/\/remote.handy-games.com\/de\/#\/schema\/logo\/image\/","url":"https:\/\/www.handy-games.com\/wp-content\/uploads\/2023\/05\/HandyGames-THQ_2022_RGB.png","contentUrl":"https:\/\/www.handy-games.com\/wp-content\/uploads\/2023\/05\/HandyGames-THQ_2022_RGB.png","width":1800,"height":704,"caption":"HandyGames\u2122"},"image":{"@id":"https:\/\/remote.handy-games.com\/de\/#\/schema\/logo\/image\/"},"sameAs":["https:\/\/www.facebook.com\/handygames\/","https:\/\/twitter.com\/handy_games","https:\/\/www.instagram.com\/handygames\/","https:\/\/www.youtube.com\/user\/HandyGamesGmbH"]}]}},"_links":{"self":[{"href":"https:\/\/handy-games.com\/de\/wp-json\/wp\/v2\/pages\/59827"}],"collection":[{"href":"https:\/\/handy-games.com\/de\/wp-json\/wp\/v2\/pages"}],"about":[{"href":"https:\/\/handy-games.com\/de\/wp-json\/wp\/v2\/types\/page"}],"author":[{"embeddable":true,"href":"https:\/\/handy-games.com\/de\/wp-json\/wp\/v2\/users\/22"}],"replies":[{"embeddable":true,"href":"https:\/\/handy-games.com\/de\/wp-json\/wp\/v2\/comments?post=59827"}],"version-history":[{"count":30,"href":"https:\/\/handy-games.com\/de\/wp-json\/wp\/v2\/pages\/59827\/revisions"}],"predecessor-version":[{"id":61835,"href":"https:\/\/handy-games.com\/de\/wp-json\/wp\/v2\/pages\/59827\/revisions\/61835"}],"up":[{"embeddable":true,"href":"https:\/\/handy-games.com\/de\/wp-json\/wp\/v2\/pages\/57833"}],"wp:featuredmedia":[{"embeddable":true,"href":"https:\/\/handy-games.com\/de\/wp-json\/wp\/v2\/media\/59907"}],"wp:attachment":[{"href":"https:\/\/handy-games.com\/de\/wp-json\/wp\/v2\/media?parent=59827"}],"curies":[{"name":"wp","href":"https:\/\/api.w.org\/{rel}","templated":true}]}}