{"id":7828,"date":"2014-12-04T15:11:59","date_gmt":"2014-12-04T14:11:59","guid":{"rendered":"https:\/\/www.handy-games.com\/?page_id=7828"},"modified":"2018-11-20T16:57:45","modified_gmt":"2018-11-20T15:57:45","slug":"pressematerial","status":"publish","type":"page","link":"https:\/\/handy-games.com\/de\/pressematerial\/","title":{"rendered":"Pressematerial"},"content":{"rendered":"[vc_row][vc_column width=&#8220;1\/2&#8243;][vc_column_text]\n<h1><strong><span style=\"color: #7094b5;\">Pressematerial<\/span><\/strong><\/h1>\n[\/vc_column_text][divider line_type=&#8220;No Line&#8220; custom_height=&#8220;40&#8243;][vc_column_text]Danke f\u00fcr Ihren Besuch auf <a href=\"https:\/\/handy-games.com\">handy-games.com<\/a>! Nutzen Sie f\u00fcr allgemeine Anfragen z.B. bez\u00fcglich Pressematerial wie dem HandyGames\u2122-Firmenlogo oder Marketingtexten bitte das Formular unten, um uns eine Nachricht zukommen zu lassen. Schreiben Sie bitte einen aussagekr\u00e4ftigen Betreff in das daf\u00fcr vorgesehene Feld, um sicherzustellen, dass Ihr Anliegen schnellstm\u00f6glich bearbeitet wird. Wir freuen uns auf Ihre Anfrage und werden versuchen, sie so schnell wie m\u00f6glich zu beantworten.[\/vc_column_text][divider line_type=&#8220;No Line&#8220; custom_height=&#8220;30&#8243;]\n<div class=\"wpcf7 no-js\" id=\"wpcf7-f7783-o1\" lang=\"en-US\" dir=\"ltr\">\n<div class=\"screen-reader-response\"><p role=\"status\" aria-live=\"polite\" aria-atomic=\"true\"><\/p> <ul><\/ul><\/div>\n<form action=\"\/de\/wp-json\/wp\/v2\/pages\/7828#wpcf7-f7783-o1\" method=\"post\" class=\"wpcf7-form init\" aria-label=\"Contact form\" novalidate=\"novalidate\" data-status=\"init\">\n<div style=\"display: none;\">\n<input type=\"hidden\" name=\"_wpcf7\" value=\"7783\" \/>\n<input type=\"hidden\" name=\"_wpcf7_version\" value=\"5.8.4\" \/>\n<input type=\"hidden\" name=\"_wpcf7_locale\" value=\"en_US\" \/>\n<input type=\"hidden\" name=\"_wpcf7_unit_tag\" value=\"wpcf7-f7783-o1\" \/>\n<input type=\"hidden\" name=\"_wpcf7_container_post\" value=\"0\" \/>\n<input type=\"hidden\" name=\"_wpcf7_posted_data_hash\" value=\"\" \/>\n<\/div>\n<p><b>Name <span style=\"color:#6F93B5\">*<\/span><\/b>\n<\/p>\n<p><span class=\"wpcf7-form-control-wrap\" data-name=\"your-name\"><input size=\"40\" class=\"wpcf7-form-control wpcf7-text wpcf7-validates-as-required\" aria-required=\"true\" aria-invalid=\"false\" placeholder=\"Ihr Name\" value=\"\" type=\"text\" name=\"your-name\" \/><\/span>\n<\/p>\n<p><b>E-Mail <span style=\"color:#6F93B5\">*<\/span><\/b>\n<\/p>\n<p><span class=\"wpcf7-form-control-wrap\" data-name=\"your-email\"><input size=\"40\" class=\"wpcf7-form-control wpcf7-email wpcf7-validates-as-required wpcf7-text wpcf7-validates-as-email\" aria-required=\"true\" aria-invalid=\"false\" placeholder=\"Ihre E-Mail-Adresse\" value=\"\" type=\"email\" name=\"your-email\" \/><\/span>\n<\/p>\n<p><b>Ihr Unternehmen<\/b>\n<\/p>\n<p><span class=\"wpcf7-form-control-wrap\" data-name=\"company\"><input size=\"40\" class=\"wpcf7-form-control wpcf7-text\" aria-invalid=\"false\" placeholder=\"Bitte geben Sie den Namen Ihres Unternehmens oder Ihrer Organisation ein.\" value=\"\" type=\"text\" name=\"company\" \/><\/span><span id=\"wpcf7-69e686c9ad5d7-wrapper\" class=\"wpcf7-form-control-wrap Telefon-wrap\" style=\"display:none !important; visibility:hidden !important;\"><label for=\"wpcf7-69e686c9ad5d7-field\" class=\"hp-message\">Please leave this field empty.<\/label><input id=\"wpcf7-69e686c9ad5d7-field\"  class=\"wpcf7-form-control wpcf7-text\" type=\"text\" name=\"Telefon\" value=\"\" size=\"40\" tabindex=\"-1\" autocomplete=\"new-password\" \/><\/span>\n<\/p>\n<p><b>Gew\u00fcnschtes Material: <span style=\"color:#6F93B5\">*<\/span><\/b>\n<\/p>\n<p><span style=\"padding-top:30px\"><span class=\"wpcf7-form-control-wrap\" data-name=\"checkbox-assets\"><span class=\"wpcf7-form-control wpcf7-checkbox wpcf7-validates-as-required\"><span class=\"wpcf7-list-item first\"><input type=\"checkbox\" name=\"checkbox-assets[]\" value=\"Firmenlogo\" \/><span class=\"wpcf7-list-item-label\">Firmenlogo<\/span><\/span><span class=\"wpcf7-list-item\"><input type=\"checkbox\" name=\"checkbox-assets[]\" value=\"Marketingtexte\" \/><span class=\"wpcf7-list-item-label\">Marketingtexte<\/span><\/span><span class=\"wpcf7-list-item last\"><input type=\"checkbox\" name=\"checkbox-assets[]\" value=\"Anderes\" \/><span class=\"wpcf7-list-item-label\">Anderes<\/span><\/span><\/span><\/span><\/span>\n<\/p>\n<p><b>Betreff<\/b>\n<\/p>\n<p><span class=\"wpcf7-form-control-wrap\" data-name=\"your-subject\"><input size=\"40\" class=\"wpcf7-form-control wpcf7-text\" aria-invalid=\"false\" placeholder=\"Bitte geben Sie einen Betreff ein.\" value=\"\" type=\"text\" name=\"your-subject\" \/><\/span>\n<\/p>\n<p><b>Vorgesehener Verwendungszweck und zus\u00e4tzliche Anmerkungen<span style=\"color:#6F93B5\">*<\/span><\/b>\n<\/p>\n<p><span class=\"wpcf7-form-control-wrap\" data-name=\"your-message\"><textarea cols=\"40\" rows=\"10\" class=\"wpcf7-form-control wpcf7-textarea\" aria-invalid=\"false\" placeholder=\"Geben Sie Ihre Nachricht ein.\" name=\"your-message\"><\/textarea><\/span><span id=\"wpcf7-69e686c9ad6d6-wrapper\" class=\"wpcf7-form-control-wrap phone-wrap\" style=\"display:none !important; visibility:hidden !important;\"><label for=\"wpcf7-69e686c9ad6d6-field\" class=\"hp-message\">Please leave this field empty.<\/label><input id=\"wpcf7-69e686c9ad6d6-field\"  class=\"wpcf7-form-control wpcf7-text\" type=\"text\" name=\"phone\" value=\"\" size=\"40\" tabindex=\"-1\" autocomplete=\"new-password\" \/><\/span>\n<\/p>\n<p style=\"margin-top:15px;\">Ihre personenbezogenen Daten werden zum Zwecke der Bearbeitung Ihrer Anfrage gem. unserer Datenschutzerkl\u00e4rung von uns verarbeitet. Mit dem Ausl\u00f6sen des \"Nachricht senden\"-Buttons best\u00e4tigen Sie, unsere <a href=\"\/de\/privacy-policy\/\">Datenschutzerkl\u00e4rung<\/a> zur Kenntnis genommen zu haben.\n<\/p>\n<p><span id=\"wpcf7-69e686c9ad6ff-wrapper\" class=\"wpcf7-form-control-wrap prkfrmde-wrap\" style=\"display:none !important; visibility:hidden !important;\"><label for=\"wpcf7-69e686c9ad6ff-field\" class=\"hp-message\">Please leave this field empty.<\/label><input id=\"wpcf7-69e686c9ad6ff-field\"  class=\"wpcf7-form-control wpcf7-text\" type=\"text\" name=\"prkfrmde\" value=\"\" size=\"40\" tabindex=\"-1\" autocomplete=\"new-password\" \/><\/span><input class=\"wpcf7-form-control wpcf7-submit has-spinner\" type=\"submit\" value=\"Nachricht senden\" \/>\n<\/p><div class=\"wpcf7-response-output\" aria-hidden=\"true\"><\/div>\n<\/form>\n<\/div>\n[\/vc_column][vc_column width=&#8220;1\/2&#8243;][\/vc_column][\/vc_row]\n","protected":false},"excerpt":{"rendered":"<p>[vc_row][vc_column width=&#8220;1\/2&#8243;][vc_column_text] Pressematerial [\/vc_column_text][divider line_type=&#8220;No Line&#8220; custom_height=&#8220;40&#8243;][vc_column_text]Danke f\u00fcr Ihren Besuch auf handy-games.com! Nutzen Sie f\u00fcr allgemeine Anfragen z.B. bez\u00fcglich Pressematerial wie dem HandyGames\u2122-Firmenlogo oder Marketingtexten bitte das Formular unten, um uns eine Nachricht zukommen zu lassen. Schreiben Sie bitte einen aussagekr\u00e4ftigen Betreff in das daf\u00fcr vorgesehene Feld, um sicherzustellen, dass&#8230;<\/p>\n","protected":false},"author":1,"featured_media":0,"parent":0,"menu_order":122,"comment_status":"open","ping_status":"closed","template":"","meta":[],"yoast_head":"<!-- This site is optimized with the Yoast SEO plugin v21.7 - https:\/\/yoast.com\/wordpress\/plugins\/seo\/ -->\n<title>Pressematerial | HandyGames\u2122<\/title>\n<meta name=\"description\" content=\"F\u00fcr mehr Informationen zu uns, z.B. Pressematerial oder das Logo der Firma, f\u00fclle bitte das Formular aus. Fotos &amp; Trailer sind auf der Website zu finden.\" \/>\n<meta name=\"robots\" content=\"index, follow, max-snippet:-1, max-image-preview:large, max-video-preview:-1\" \/>\n<link rel=\"canonical\" href=\"https:\/\/handy-games.com\/de\/pressematerial\/\" \/>\n<meta property=\"og:locale\" content=\"de_DE\" \/>\n<meta property=\"og:type\" content=\"article\" \/>\n<meta property=\"og:title\" content=\"Pressematerial | HandyGames\u2122\" \/>\n<meta property=\"og:description\" content=\"F\u00fcr mehr Informationen zu uns, z.B. Pressematerial oder das Logo der Firma, f\u00fclle bitte das Formular aus. Fotos &amp; Trailer sind auf der Website zu finden.\" \/>\n<meta property=\"og:url\" content=\"https:\/\/handy-games.com\/de\/pressematerial\/\" \/>\n<meta property=\"og:site_name\" content=\"HandyGames\u2122\" \/>\n<meta property=\"article:publisher\" content=\"https:\/\/www.facebook.com\/handygames\/\" \/>\n<meta property=\"article:modified_time\" content=\"2018-11-20T15:57:45+00:00\" \/>\n<meta name=\"twitter:card\" content=\"summary_large_image\" \/>\n<meta name=\"twitter:site\" content=\"@handy_games\" \/>\n<meta name=\"twitter:label1\" content=\"Gesch\u00e4tzte Lesezeit\" \/>\n\t<meta name=\"twitter:data1\" content=\"1\u00a0Minute\" \/>\n<script type=\"application\/ld+json\" class=\"yoast-schema-graph\">{\"@context\":\"https:\/\/schema.org\",\"@graph\":[{\"@type\":\"WebPage\",\"@id\":\"https:\/\/handy-games.com\/de\/pressematerial\/\",\"url\":\"https:\/\/handy-games.com\/de\/pressematerial\/\",\"name\":\"Pressematerial | HandyGames\u2122\",\"isPartOf\":{\"@id\":\"https:\/\/remote.handy-games.com\/de\/#website\"},\"datePublished\":\"2014-12-04T14:11:59+00:00\",\"dateModified\":\"2018-11-20T15:57:45+00:00\",\"description\":\"F\u00fcr mehr Informationen zu uns, z.B. Pressematerial oder das Logo der Firma, f\u00fclle bitte das Formular aus. Fotos & Trailer sind auf der Website zu finden.\",\"breadcrumb\":{\"@id\":\"https:\/\/handy-games.com\/de\/pressematerial\/#breadcrumb\"},\"inLanguage\":\"de\",\"potentialAction\":[{\"@type\":\"ReadAction\",\"target\":[\"https:\/\/handy-games.com\/de\/pressematerial\/\"]}]},{\"@type\":\"BreadcrumbList\",\"@id\":\"https:\/\/handy-games.com\/de\/pressematerial\/#breadcrumb\",\"itemListElement\":[{\"@type\":\"ListItem\",\"position\":1,\"name\":\"Home\",\"item\":\"https:\/\/remote.handy-games.com\/de\/\"},{\"@type\":\"ListItem\",\"position\":2,\"name\":\"Pressematerial\"}]},{\"@type\":\"WebSite\",\"@id\":\"https:\/\/remote.handy-games.com\/de\/#website\",\"url\":\"https:\/\/remote.handy-games.com\/de\/\",\"name\":\"HandyGames\u2122\",\"description\":\"Free games for iPhone, iPad, Android, Windows Phone 8 and Oculus.\",\"publisher\":{\"@id\":\"https:\/\/remote.handy-games.com\/de\/#organization\"},\"potentialAction\":[{\"@type\":\"SearchAction\",\"target\":{\"@type\":\"EntryPoint\",\"urlTemplate\":\"https:\/\/remote.handy-games.com\/de\/?s={search_term_string}\"},\"query-input\":\"required name=search_term_string\"}],\"inLanguage\":\"de\"},{\"@type\":\"Organization\",\"@id\":\"https:\/\/remote.handy-games.com\/de\/#organization\",\"name\":\"HandyGames\u2122\",\"url\":\"https:\/\/remote.handy-games.com\/de\/\",\"logo\":{\"@type\":\"ImageObject\",\"inLanguage\":\"de\",\"@id\":\"https:\/\/remote.handy-games.com\/de\/#\/schema\/logo\/image\/\",\"url\":\"https:\/\/www.handy-games.com\/wp-content\/uploads\/2023\/05\/HandyGames-THQ_2022_RGB.png\",\"contentUrl\":\"https:\/\/www.handy-games.com\/wp-content\/uploads\/2023\/05\/HandyGames-THQ_2022_RGB.png\",\"width\":1800,\"height\":704,\"caption\":\"HandyGames\u2122\"},\"image\":{\"@id\":\"https:\/\/remote.handy-games.com\/de\/#\/schema\/logo\/image\/\"},\"sameAs\":[\"https:\/\/www.facebook.com\/handygames\/\",\"https:\/\/twitter.com\/handy_games\",\"https:\/\/www.instagram.com\/handygames\/\",\"https:\/\/www.youtube.com\/user\/HandyGamesGmbH\"]}]}<\/script>\n<!-- \/ Yoast SEO plugin. -->","yoast_head_json":{"title":"Pressematerial | HandyGames\u2122","description":"F\u00fcr mehr Informationen zu uns, z.B. Pressematerial oder das Logo der Firma, f\u00fclle bitte das Formular aus. Fotos & Trailer sind auf der Website zu finden.","robots":{"index":"index","follow":"follow","max-snippet":"max-snippet:-1","max-image-preview":"max-image-preview:large","max-video-preview":"max-video-preview:-1"},"canonical":"https:\/\/handy-games.com\/de\/pressematerial\/","og_locale":"de_DE","og_type":"article","og_title":"Pressematerial | HandyGames\u2122","og_description":"F\u00fcr mehr Informationen zu uns, z.B. Pressematerial oder das Logo der Firma, f\u00fclle bitte das Formular aus. Fotos & Trailer sind auf der Website zu finden.","og_url":"https:\/\/handy-games.com\/de\/pressematerial\/","og_site_name":"HandyGames\u2122","article_publisher":"https:\/\/www.facebook.com\/handygames\/","article_modified_time":"2018-11-20T15:57:45+00:00","twitter_card":"summary_large_image","twitter_site":"@handy_games","twitter_misc":{"Gesch\u00e4tzte Lesezeit":"1\u00a0Minute"},"schema":{"@context":"https:\/\/schema.org","@graph":[{"@type":"WebPage","@id":"https:\/\/handy-games.com\/de\/pressematerial\/","url":"https:\/\/handy-games.com\/de\/pressematerial\/","name":"Pressematerial | HandyGames\u2122","isPartOf":{"@id":"https:\/\/remote.handy-games.com\/de\/#website"},"datePublished":"2014-12-04T14:11:59+00:00","dateModified":"2018-11-20T15:57:45+00:00","description":"F\u00fcr mehr Informationen zu uns, z.B. Pressematerial oder das Logo der Firma, f\u00fclle bitte das Formular aus. Fotos & Trailer sind auf der Website zu finden.","breadcrumb":{"@id":"https:\/\/handy-games.com\/de\/pressematerial\/#breadcrumb"},"inLanguage":"de","potentialAction":[{"@type":"ReadAction","target":["https:\/\/handy-games.com\/de\/pressematerial\/"]}]},{"@type":"BreadcrumbList","@id":"https:\/\/handy-games.com\/de\/pressematerial\/#breadcrumb","itemListElement":[{"@type":"ListItem","position":1,"name":"Home","item":"https:\/\/remote.handy-games.com\/de\/"},{"@type":"ListItem","position":2,"name":"Pressematerial"}]},{"@type":"WebSite","@id":"https:\/\/remote.handy-games.com\/de\/#website","url":"https:\/\/remote.handy-games.com\/de\/","name":"HandyGames\u2122","description":"Free games for iPhone, iPad, Android, Windows Phone 8 and Oculus.","publisher":{"@id":"https:\/\/remote.handy-games.com\/de\/#organization"},"potentialAction":[{"@type":"SearchAction","target":{"@type":"EntryPoint","urlTemplate":"https:\/\/remote.handy-games.com\/de\/?s={search_term_string}"},"query-input":"required name=search_term_string"}],"inLanguage":"de"},{"@type":"Organization","@id":"https:\/\/remote.handy-games.com\/de\/#organization","name":"HandyGames\u2122","url":"https:\/\/remote.handy-games.com\/de\/","logo":{"@type":"ImageObject","inLanguage":"de","@id":"https:\/\/remote.handy-games.com\/de\/#\/schema\/logo\/image\/","url":"https:\/\/www.handy-games.com\/wp-content\/uploads\/2023\/05\/HandyGames-THQ_2022_RGB.png","contentUrl":"https:\/\/www.handy-games.com\/wp-content\/uploads\/2023\/05\/HandyGames-THQ_2022_RGB.png","width":1800,"height":704,"caption":"HandyGames\u2122"},"image":{"@id":"https:\/\/remote.handy-games.com\/de\/#\/schema\/logo\/image\/"},"sameAs":["https:\/\/www.facebook.com\/handygames\/","https:\/\/twitter.com\/handy_games","https:\/\/www.instagram.com\/handygames\/","https:\/\/www.youtube.com\/user\/HandyGamesGmbH"]}]}},"_links":{"self":[{"href":"https:\/\/handy-games.com\/de\/wp-json\/wp\/v2\/pages\/7828"}],"collection":[{"href":"https:\/\/handy-games.com\/de\/wp-json\/wp\/v2\/pages"}],"about":[{"href":"https:\/\/handy-games.com\/de\/wp-json\/wp\/v2\/types\/page"}],"author":[{"embeddable":true,"href":"https:\/\/handy-games.com\/de\/wp-json\/wp\/v2\/users\/1"}],"replies":[{"embeddable":true,"href":"https:\/\/handy-games.com\/de\/wp-json\/wp\/v2\/comments?post=7828"}],"version-history":[{"count":1,"href":"https:\/\/handy-games.com\/de\/wp-json\/wp\/v2\/pages\/7828\/revisions"}],"predecessor-version":[{"id":38257,"href":"https:\/\/handy-games.com\/de\/wp-json\/wp\/v2\/pages\/7828\/revisions\/38257"}],"wp:attachment":[{"href":"https:\/\/handy-games.com\/de\/wp-json\/wp\/v2\/media?parent=7828"}],"curies":[{"name":"wp","href":"https:\/\/api.w.org\/{rel}","templated":true}]}}